{"id":4896,"date":"2015-10-23T16:56:07","date_gmt":"2015-10-23T14:56:07","guid":{"rendered":"http:\/\/kandk.bz\/?page_id=4896&#038;lang=cs"},"modified":"2021-12-31T06:01:54","modified_gmt":"2021-12-31T05:01:54","slug":"pujcovna-lyzi","status":"publish","type":"page","link":"https:\/\/www.kandk.bz\/cs\/pujcovna-lyzi\/","title":{"rendered":"Rezervace on-line"},"content":{"rendered":"","protected":false},"excerpt":{"rendered":"","protected":false},"author":3,"featured_media":0,"parent":0,"menu_order":10,"comment_status":"closed","ping_status":"closed","template":"template-rental.php","meta":{"_acf_changed":false,"footnotes":""},"class_list":["post-4896","page","type-page","status-publish","hentry"],"acf":[],"yoast_head":"<!-- This site is optimized with the Yoast SEO plugin v27.0 - https:\/\/yoast.com\/product\/yoast-seo-wordpress\/ -->\n<title>P\u016fj\u010dovna ly\u017e\u00ed - K&amp;K Sports - p\u016fj\u010dovnou a \u00faschovnou ly\u017e\u00ed<\/title>\n<meta name=\"description\" content=\"P\u016fj\u010dovna ly\u017e\u00ed K &amp; K Sports, p\u016fj\u010dovna zimn\u00edho sportovn\u00edho n\u00e1\u010din\u00ed a p\u0159\u00edslu\u0161enstv\u00ed na Seiser Alm\/Alpe di Siusi: n\u00e1\u0161 pron\u00e1jem ly\u017e\u00ed v Seisu nab\u00edz\u00ed obrovsk\u00fd v\u00fdb\u011br vybaven\u00ed pro zimn\u00ed sporty v\u0161ech vedouc\u00edch v\u00fdrobc\u016f, a\u0165 ji\u017e carvingov\u00e9 ly\u017ee nebo s\u00e1\u0148ka\u0159skou a b\u011b\u017eeckou v\u00fdzbroj! Vyp\u016fj\u010den\u00fd materi\u00e1l je optim\u00e1ln\u011b p\u0159ipra\" \/>\n<meta name=\"robots\" content=\"index, follow, max-snippet:-1, max-image-preview:large, max-video-preview:-1\" \/>\n<link rel=\"canonical\" href=\"https:\/\/www.kandk.bz\/cs\/pujcovna-lyzi\/\" \/>\n<meta property=\"og:locale\" content=\"cs_CZ\" \/>\n<meta property=\"og:type\" content=\"article\" \/>\n<meta property=\"og:title\" content=\"P\u016fj\u010dovna ly\u017e\u00ed - K&amp;K Sports - p\u016fj\u010dovnou a \u00faschovnou ly\u017e\u00ed\" \/>\n<meta property=\"og:description\" content=\"P\u016fj\u010dovna ly\u017e\u00ed K &amp; K Sports, p\u016fj\u010dovna zimn\u00edho sportovn\u00edho n\u00e1\u010din\u00ed a p\u0159\u00edslu\u0161enstv\u00ed na Seiser Alm\/Alpe di Siusi: n\u00e1\u0161 pron\u00e1jem ly\u017e\u00ed v Seisu nab\u00edz\u00ed obrovsk\u00fd v\u00fdb\u011br vybaven\u00ed pro zimn\u00ed sporty v\u0161ech vedouc\u00edch v\u00fdrobc\u016f, a\u0165 ji\u017e carvingov\u00e9 ly\u017ee nebo s\u00e1\u0148ka\u0159skou a b\u011b\u017eeckou v\u00fdzbroj! Vyp\u016fj\u010den\u00fd materi\u00e1l je optim\u00e1ln\u011b p\u0159ipra\" \/>\n<meta property=\"og:url\" content=\"https:\/\/www.kandk.bz\/cs\/pujcovna-lyzi\/\" \/>\n<meta property=\"og:site_name\" content=\"K&amp;K Sports - noleggio sci e deposito, Alpe di Siusi\" \/>\n<meta property=\"article:publisher\" content=\"https:\/\/www.facebook.com\/kandksport\" \/>\n<meta property=\"article:modified_time\" content=\"2021-12-31T05:01:54+00:00\" \/>\n<meta name=\"twitter:card\" content=\"summary_large_image\" \/>\n<script type=\"application\/ld+json\" class=\"yoast-schema-graph\">{\"@context\":\"https:\/\/schema.org\",\"@graph\":[{\"@type\":\"WebPage\",\"@id\":\"https:\/\/www.kandk.bz\/cs\/pujcovna-lyzi\/\",\"url\":\"https:\/\/www.kandk.bz\/cs\/pujcovna-lyzi\/\",\"name\":\"P\u016fj\u010dovna ly\u017e\u00ed - K&K Sports - p\u016fj\u010dovnou a \u00faschovnou ly\u017e\u00ed\",\"isPartOf\":{\"@id\":\"https:\/\/www.kandk.bz\/#website\"},\"datePublished\":\"2015-10-23T14:56:07+00:00\",\"dateModified\":\"2021-12-31T05:01:54+00:00\",\"description\":\"P\u016fj\u010dovna ly\u017e\u00ed K & K Sports, p\u016fj\u010dovna zimn\u00edho sportovn\u00edho n\u00e1\u010din\u00ed a p\u0159\u00edslu\u0161enstv\u00ed na Seiser Alm\/Alpe di Siusi: n\u00e1\u0161 pron\u00e1jem ly\u017e\u00ed v Seisu nab\u00edz\u00ed obrovsk\u00fd v\u00fdb\u011br vybaven\u00ed pro zimn\u00ed sporty v\u0161ech vedouc\u00edch v\u00fdrobc\u016f, a\u0165 ji\u017e carvingov\u00e9 ly\u017ee nebo s\u00e1\u0148ka\u0159skou a b\u011b\u017eeckou v\u00fdzbroj! Vyp\u016fj\u010den\u00fd materi\u00e1l je optim\u00e1ln\u011b p\u0159ipra\",\"inLanguage\":\"cs\",\"potentialAction\":[{\"@type\":\"ReadAction\",\"target\":[\"https:\/\/www.kandk.bz\/cs\/pujcovna-lyzi\/\"]}]},{\"@type\":\"WebSite\",\"@id\":\"https:\/\/www.kandk.bz\/#website\",\"url\":\"https:\/\/www.kandk.bz\/\",\"name\":\"K&amp;K Sports - noleggio sci e deposito, Alpe di Siusi\",\"description\":\"K&amp;K Sports - noleggio sci e deposito, Alpe di Siusi\",\"potentialAction\":[{\"@type\":\"SearchAction\",\"target\":{\"@type\":\"EntryPoint\",\"urlTemplate\":\"https:\/\/www.kandk.bz\/?s={search_term_string}\"},\"query-input\":{\"@type\":\"PropertyValueSpecification\",\"valueRequired\":true,\"valueName\":\"search_term_string\"}}],\"inLanguage\":\"cs\"}]}<\/script>\n<!-- \/ Yoast SEO plugin. -->","yoast_head_json":{"title":"P\u016fj\u010dovna ly\u017e\u00ed - K&K Sports - p\u016fj\u010dovnou a \u00faschovnou ly\u017e\u00ed","description":"P\u016fj\u010dovna ly\u017e\u00ed K & K Sports, p\u016fj\u010dovna zimn\u00edho sportovn\u00edho n\u00e1\u010din\u00ed a p\u0159\u00edslu\u0161enstv\u00ed na Seiser Alm\/Alpe di Siusi: n\u00e1\u0161 pron\u00e1jem ly\u017e\u00ed v Seisu nab\u00edz\u00ed obrovsk\u00fd v\u00fdb\u011br vybaven\u00ed pro zimn\u00ed sporty v\u0161ech vedouc\u00edch v\u00fdrobc\u016f, a\u0165 ji\u017e carvingov\u00e9 ly\u017ee nebo s\u00e1\u0148ka\u0159skou a b\u011b\u017eeckou v\u00fdzbroj! Vyp\u016fj\u010den\u00fd materi\u00e1l je optim\u00e1ln\u011b p\u0159ipra","robots":{"index":"index","follow":"follow","max-snippet":"max-snippet:-1","max-image-preview":"max-image-preview:large","max-video-preview":"max-video-preview:-1"},"canonical":"https:\/\/www.kandk.bz\/cs\/pujcovna-lyzi\/","og_locale":"cs_CZ","og_type":"article","og_title":"P\u016fj\u010dovna ly\u017e\u00ed - K&K Sports - p\u016fj\u010dovnou a \u00faschovnou ly\u017e\u00ed","og_description":"P\u016fj\u010dovna ly\u017e\u00ed K & K Sports, p\u016fj\u010dovna zimn\u00edho sportovn\u00edho n\u00e1\u010din\u00ed a p\u0159\u00edslu\u0161enstv\u00ed na Seiser Alm\/Alpe di Siusi: n\u00e1\u0161 pron\u00e1jem ly\u017e\u00ed v Seisu nab\u00edz\u00ed obrovsk\u00fd v\u00fdb\u011br vybaven\u00ed pro zimn\u00ed sporty v\u0161ech vedouc\u00edch v\u00fdrobc\u016f, a\u0165 ji\u017e carvingov\u00e9 ly\u017ee nebo s\u00e1\u0148ka\u0159skou a b\u011b\u017eeckou v\u00fdzbroj! Vyp\u016fj\u010den\u00fd materi\u00e1l je optim\u00e1ln\u011b p\u0159ipra","og_url":"https:\/\/www.kandk.bz\/cs\/pujcovna-lyzi\/","og_site_name":"K&amp;K Sports - noleggio sci e deposito, Alpe di Siusi","article_publisher":"https:\/\/www.facebook.com\/kandksport","article_modified_time":"2021-12-31T05:01:54+00:00","twitter_card":"summary_large_image","schema":{"@context":"https:\/\/schema.org","@graph":[{"@type":"WebPage","@id":"https:\/\/www.kandk.bz\/cs\/pujcovna-lyzi\/","url":"https:\/\/www.kandk.bz\/cs\/pujcovna-lyzi\/","name":"P\u016fj\u010dovna ly\u017e\u00ed - K&K Sports - p\u016fj\u010dovnou a \u00faschovnou ly\u017e\u00ed","isPartOf":{"@id":"https:\/\/www.kandk.bz\/#website"},"datePublished":"2015-10-23T14:56:07+00:00","dateModified":"2021-12-31T05:01:54+00:00","description":"P\u016fj\u010dovna ly\u017e\u00ed K & K Sports, p\u016fj\u010dovna zimn\u00edho sportovn\u00edho n\u00e1\u010din\u00ed a p\u0159\u00edslu\u0161enstv\u00ed na Seiser Alm\/Alpe di Siusi: n\u00e1\u0161 pron\u00e1jem ly\u017e\u00ed v Seisu nab\u00edz\u00ed obrovsk\u00fd v\u00fdb\u011br vybaven\u00ed pro zimn\u00ed sporty v\u0161ech vedouc\u00edch v\u00fdrobc\u016f, a\u0165 ji\u017e carvingov\u00e9 ly\u017ee nebo s\u00e1\u0148ka\u0159skou a b\u011b\u017eeckou v\u00fdzbroj! Vyp\u016fj\u010den\u00fd materi\u00e1l je optim\u00e1ln\u011b p\u0159ipra","inLanguage":"cs","potentialAction":[{"@type":"ReadAction","target":["https:\/\/www.kandk.bz\/cs\/pujcovna-lyzi\/"]}]},{"@type":"WebSite","@id":"https:\/\/www.kandk.bz\/#website","url":"https:\/\/www.kandk.bz\/","name":"K&amp;K Sports - noleggio sci e deposito, Alpe di Siusi","description":"K&amp;K Sports - noleggio sci e deposito, Alpe di Siusi","potentialAction":[{"@type":"SearchAction","target":{"@type":"EntryPoint","urlTemplate":"https:\/\/www.kandk.bz\/?s={search_term_string}"},"query-input":{"@type":"PropertyValueSpecification","valueRequired":true,"valueName":"search_term_string"}}],"inLanguage":"cs"}]}},"_links":{"self":[{"href":"https:\/\/www.kandk.bz\/cs\/wp-json\/wp\/v2\/pages\/4896","targetHints":{"allow":["GET"]}}],"collection":[{"href":"https:\/\/www.kandk.bz\/cs\/wp-json\/wp\/v2\/pages"}],"about":[{"href":"https:\/\/www.kandk.bz\/cs\/wp-json\/wp\/v2\/types\/page"}],"author":[{"embeddable":true,"href":"https:\/\/www.kandk.bz\/cs\/wp-json\/wp\/v2\/users\/3"}],"replies":[{"embeddable":true,"href":"https:\/\/www.kandk.bz\/cs\/wp-json\/wp\/v2\/comments?post=4896"}],"version-history":[{"count":3,"href":"https:\/\/www.kandk.bz\/cs\/wp-json\/wp\/v2\/pages\/4896\/revisions"}],"predecessor-version":[{"id":9405,"href":"https:\/\/www.kandk.bz\/cs\/wp-json\/wp\/v2\/pages\/4896\/revisions\/9405"}],"wp:attachment":[{"href":"https:\/\/www.kandk.bz\/cs\/wp-json\/wp\/v2\/media?parent=4896"}],"curies":[{"name":"wp","href":"https:\/\/api.w.org\/{rel}","templated":true}]}}