{"id":5818,"date":"2015-11-08T07:08:41","date_gmt":"2015-11-08T06:08:41","guid":{"rendered":"http:\/\/kandk.bz\/it\/?page_id=5818"},"modified":"2021-12-31T06:03:05","modified_gmt":"2021-12-31T05:03:05","slug":"uschovna","status":"publish","type":"page","link":"https:\/\/www.kandk.bz\/cs\/uschovna\/","title":{"rendered":"\u00daschovna"},"content":{"rendered":"<p>Najm\u011bte si <strong>\u00faschovnu ly\u017e\u00ed<\/strong> v Seisu nebo na Seiser Alm\/Alpe di Siusi.\u00a0\u00daschovna na\u0161\u00ed p\u016fj\u010dovny ly\u017e\u00ed v<strong> Seisu se nach\u00e1z\u00ed p\u0159\u00edmo na Seiser Alm\/Alpe di Siusi, a to v horn\u00ed stanici lanovky Seiseralm, a v Seisu v \u00fadoln\u00ed stanici lanovky Seiseralm\/Alpe di Siusi<\/strong>.<\/p>\n<p>&nbsp;<\/p>\n<blockquote><p><a title=\"KandK - Deposito sci a Siusi \u2013 Alpe di Siusi: deposito sci a Siusi allo Sciliar\" href=\"https:\/\/www.kandk.bz\/cs\/\">K &amp; K Sports<\/a> v Seisu am Schlern a Seiser Alm\/Alpe di Siusi, a va\u0161e dovolen\u00e1 prob\u011bhne bez starost\u00ed!<\/p><\/blockquote>\n","protected":false},"excerpt":{"rendered":"<p>Najm\u011bte si \u00faschovnu ly\u017e\u00ed v Seisu nebo na Seiser Alm\/Alpe di Siusi.\u00a0\u00daschovna na\u0161\u00ed p\u016fj\u010dovny ly\u017e\u00ed v Seisu se nach\u00e1z\u00ed p\u0159\u00edmo na Seiser Alm\/Alpe di Siusi, a to v horn\u00ed stanici lanovky Seiseralm, a v Seisu v \u00fadoln\u00ed stanici lanovky Seiseralm\/Alpe di Siusi. &nbsp; K &amp; K Sports v Seisu am Schlern a Seiser Alm\/Alpe di [&hellip;]<\/p>\n","protected":false},"author":3,"featured_media":0,"parent":0,"menu_order":30,"comment_status":"closed","ping_status":"closed","template":"template-aufzaehlung.php","meta":{"_acf_changed":false,"footnotes":""},"class_list":["post-5818","page","type-page","status-publish","hentry"],"acf":[],"yoast_head":"<!-- This site is optimized with the Yoast SEO plugin v27.0 - https:\/\/yoast.com\/product\/yoast-seo-wordpress\/ -->\n<title>\u00daschovna - K&amp;K Sports - p\u016fj\u010dovnou a \u00faschovnou ly\u017e\u00ed<\/title>\n<meta name=\"description\" content=\"Najm\u011bte si \u00faschovnu ly\u017e\u00ed v Seisu nebo na Seiser Alm\/Alpe di Siusi. \u00daschovna na\u0161\u00ed p\u016fj\u010dovny ly\u017e\u00ed v Seisu se nach\u00e1z\u00ed p\u0159\u00edmo na Seiser Alm\/Alpe di Siusi, a to v horn\u00ed stanici lanovky Seiseralm, a v Seisu v \u00fadoln\u00ed stanici lanovky Seiseralm\/Alpe di Siusi.\" \/>\n<meta name=\"robots\" content=\"index, follow, max-snippet:-1, max-image-preview:large, max-video-preview:-1\" \/>\n<link rel=\"canonical\" href=\"https:\/\/www.kandk.bz\/cs\/uschovna\/\" \/>\n<meta property=\"og:locale\" content=\"cs_CZ\" \/>\n<meta property=\"og:type\" content=\"article\" \/>\n<meta property=\"og:title\" content=\"\u00daschovna - K&amp;K Sports - p\u016fj\u010dovnou a \u00faschovnou ly\u017e\u00ed\" \/>\n<meta property=\"og:description\" content=\"Najm\u011bte si \u00faschovnu ly\u017e\u00ed v Seisu nebo na Seiser Alm\/Alpe di Siusi. \u00daschovna na\u0161\u00ed p\u016fj\u010dovny ly\u017e\u00ed v Seisu se nach\u00e1z\u00ed p\u0159\u00edmo na Seiser Alm\/Alpe di Siusi, a to v horn\u00ed stanici lanovky Seiseralm, a v Seisu v \u00fadoln\u00ed stanici lanovky Seiseralm\/Alpe di Siusi.\" \/>\n<meta property=\"og:url\" content=\"https:\/\/www.kandk.bz\/cs\/uschovna\/\" \/>\n<meta property=\"og:site_name\" content=\"K&amp;K Sports - noleggio sci e deposito, Alpe di Siusi\" \/>\n<meta property=\"article:publisher\" content=\"https:\/\/www.facebook.com\/kandksport\" \/>\n<meta property=\"article:modified_time\" content=\"2021-12-31T05:03:05+00:00\" \/>\n<meta name=\"twitter:card\" content=\"summary_large_image\" \/>\n<meta name=\"twitter:label1\" content=\"Odhadovan\u00e1 doba \u010dten\u00ed\" \/>\n\t<meta name=\"twitter:data1\" content=\"1 minuta\" \/>\n<script type=\"application\/ld+json\" class=\"yoast-schema-graph\">{\"@context\":\"https:\/\/schema.org\",\"@graph\":[{\"@type\":\"WebPage\",\"@id\":\"https:\/\/www.kandk.bz\/cs\/uschovna\/\",\"url\":\"https:\/\/www.kandk.bz\/cs\/uschovna\/\",\"name\":\"\u00daschovna - K&K Sports - p\u016fj\u010dovnou a \u00faschovnou ly\u017e\u00ed\",\"isPartOf\":{\"@id\":\"https:\/\/www.kandk.bz\/#website\"},\"datePublished\":\"2015-11-08T06:08:41+00:00\",\"dateModified\":\"2021-12-31T05:03:05+00:00\",\"description\":\"Najm\u011bte si \u00faschovnu ly\u017e\u00ed v Seisu nebo na Seiser Alm\/Alpe di Siusi. \u00daschovna na\u0161\u00ed p\u016fj\u010dovny ly\u017e\u00ed v Seisu se nach\u00e1z\u00ed p\u0159\u00edmo na Seiser Alm\/Alpe di Siusi, a to v horn\u00ed stanici lanovky Seiseralm, a v Seisu v \u00fadoln\u00ed stanici lanovky Seiseralm\/Alpe di Siusi.\",\"inLanguage\":\"cs\",\"potentialAction\":[{\"@type\":\"ReadAction\",\"target\":[\"https:\/\/www.kandk.bz\/cs\/uschovna\/\"]}]},{\"@type\":\"WebSite\",\"@id\":\"https:\/\/www.kandk.bz\/#website\",\"url\":\"https:\/\/www.kandk.bz\/\",\"name\":\"K&amp;K Sports - noleggio sci e deposito, Alpe di Siusi\",\"description\":\"K&amp;K Sports - noleggio sci e deposito, Alpe di Siusi\",\"potentialAction\":[{\"@type\":\"SearchAction\",\"target\":{\"@type\":\"EntryPoint\",\"urlTemplate\":\"https:\/\/www.kandk.bz\/?s={search_term_string}\"},\"query-input\":{\"@type\":\"PropertyValueSpecification\",\"valueRequired\":true,\"valueName\":\"search_term_string\"}}],\"inLanguage\":\"cs\"}]}<\/script>\n<!-- \/ Yoast SEO plugin. -->","yoast_head_json":{"title":"\u00daschovna - K&K Sports - p\u016fj\u010dovnou a \u00faschovnou ly\u017e\u00ed","description":"Najm\u011bte si \u00faschovnu ly\u017e\u00ed v Seisu nebo na Seiser Alm\/Alpe di Siusi. \u00daschovna na\u0161\u00ed p\u016fj\u010dovny ly\u017e\u00ed v Seisu se nach\u00e1z\u00ed p\u0159\u00edmo na Seiser Alm\/Alpe di Siusi, a to v horn\u00ed stanici lanovky Seiseralm, a v Seisu v \u00fadoln\u00ed stanici lanovky Seiseralm\/Alpe di Siusi.","robots":{"index":"index","follow":"follow","max-snippet":"max-snippet:-1","max-image-preview":"max-image-preview:large","max-video-preview":"max-video-preview:-1"},"canonical":"https:\/\/www.kandk.bz\/cs\/uschovna\/","og_locale":"cs_CZ","og_type":"article","og_title":"\u00daschovna - K&K Sports - p\u016fj\u010dovnou a \u00faschovnou ly\u017e\u00ed","og_description":"Najm\u011bte si \u00faschovnu ly\u017e\u00ed v Seisu nebo na Seiser Alm\/Alpe di Siusi. \u00daschovna na\u0161\u00ed p\u016fj\u010dovny ly\u017e\u00ed v Seisu se nach\u00e1z\u00ed p\u0159\u00edmo na Seiser Alm\/Alpe di Siusi, a to v horn\u00ed stanici lanovky Seiseralm, a v Seisu v \u00fadoln\u00ed stanici lanovky Seiseralm\/Alpe di Siusi.","og_url":"https:\/\/www.kandk.bz\/cs\/uschovna\/","og_site_name":"K&amp;K Sports - noleggio sci e deposito, Alpe di Siusi","article_publisher":"https:\/\/www.facebook.com\/kandksport","article_modified_time":"2021-12-31T05:03:05+00:00","twitter_card":"summary_large_image","twitter_misc":{"Odhadovan\u00e1 doba \u010dten\u00ed":"1 minuta"},"schema":{"@context":"https:\/\/schema.org","@graph":[{"@type":"WebPage","@id":"https:\/\/www.kandk.bz\/cs\/uschovna\/","url":"https:\/\/www.kandk.bz\/cs\/uschovna\/","name":"\u00daschovna - K&K Sports - p\u016fj\u010dovnou a \u00faschovnou ly\u017e\u00ed","isPartOf":{"@id":"https:\/\/www.kandk.bz\/#website"},"datePublished":"2015-11-08T06:08:41+00:00","dateModified":"2021-12-31T05:03:05+00:00","description":"Najm\u011bte si \u00faschovnu ly\u017e\u00ed v Seisu nebo na Seiser Alm\/Alpe di Siusi. \u00daschovna na\u0161\u00ed p\u016fj\u010dovny ly\u017e\u00ed v Seisu se nach\u00e1z\u00ed p\u0159\u00edmo na Seiser Alm\/Alpe di Siusi, a to v horn\u00ed stanici lanovky Seiseralm, a v Seisu v \u00fadoln\u00ed stanici lanovky Seiseralm\/Alpe di Siusi.","inLanguage":"cs","potentialAction":[{"@type":"ReadAction","target":["https:\/\/www.kandk.bz\/cs\/uschovna\/"]}]},{"@type":"WebSite","@id":"https:\/\/www.kandk.bz\/#website","url":"https:\/\/www.kandk.bz\/","name":"K&amp;K Sports - noleggio sci e deposito, Alpe di Siusi","description":"K&amp;K Sports - noleggio sci e deposito, Alpe di Siusi","potentialAction":[{"@type":"SearchAction","target":{"@type":"EntryPoint","urlTemplate":"https:\/\/www.kandk.bz\/?s={search_term_string}"},"query-input":{"@type":"PropertyValueSpecification","valueRequired":true,"valueName":"search_term_string"}}],"inLanguage":"cs"}]}},"_links":{"self":[{"href":"https:\/\/www.kandk.bz\/cs\/wp-json\/wp\/v2\/pages\/5818","targetHints":{"allow":["GET"]}}],"collection":[{"href":"https:\/\/www.kandk.bz\/cs\/wp-json\/wp\/v2\/pages"}],"about":[{"href":"https:\/\/www.kandk.bz\/cs\/wp-json\/wp\/v2\/types\/page"}],"author":[{"embeddable":true,"href":"https:\/\/www.kandk.bz\/cs\/wp-json\/wp\/v2\/users\/3"}],"replies":[{"embeddable":true,"href":"https:\/\/www.kandk.bz\/cs\/wp-json\/wp\/v2\/comments?post=5818"}],"version-history":[{"count":4,"href":"https:\/\/www.kandk.bz\/cs\/wp-json\/wp\/v2\/pages\/5818\/revisions"}],"predecessor-version":[{"id":9406,"href":"https:\/\/www.kandk.bz\/cs\/wp-json\/wp\/v2\/pages\/5818\/revisions\/9406"}],"wp:attachment":[{"href":"https:\/\/www.kandk.bz\/cs\/wp-json\/wp\/v2\/media?parent=5818"}],"curies":[{"name":"wp","href":"https:\/\/api.w.org\/{rel}","templated":true}]}}