{"id":5825,"date":"2015-11-08T09:29:56","date_gmt":"2015-11-08T08:29:56","guid":{"rendered":"http:\/\/kandk.bz\/?page_id=5825"},"modified":"2025-12-19T13:55:02","modified_gmt":"2025-12-19T12:55:02","slug":"nas-tym","status":"publish","type":"page","link":"https:\/\/www.kandk.bz\/cs\/nas-tym\/","title":{"rendered":"N\u00e1\u0161 t\u00fdm"},"content":{"rendered":"<blockquote><p>Sna\u017e\u00edme se V\u00e1m porad\u00edme osobn\u011b a nab\u00eddnout ty nejlep\u0161\u00ed slu\u017eby.<\/p><\/blockquote>\n","protected":false},"excerpt":{"rendered":"<p>Sna\u017e\u00edme se V\u00e1m porad\u00edme osobn\u011b a nab\u00eddnout ty nejlep\u0161\u00ed slu\u017eby.<\/p>\n","protected":false},"author":3,"featured_media":4497,"parent":0,"menu_order":80,"comment_status":"closed","ping_status":"closed","template":"","meta":{"_acf_changed":false,"footnotes":""},"class_list":["post-5825","page","type-page","status-publish","has-post-thumbnail","hentry"],"acf":[],"yoast_head":"<!-- This site is optimized with the Yoast SEO plugin v27.0 - https:\/\/yoast.com\/product\/yoast-seo-wordpress\/ -->\n<title>N\u00e1\u0161 t\u00fdm - K&amp;K Sports - p\u016fj\u010dovnou a \u00faschovnou ly\u017e\u00ed<\/title>\n<meta name=\"description\" content=\"Sna\u017e\u00edme se V\u00e1m porad\u00edme osobn\u011b a nab\u00eddnout ty nejlep\u0161\u00ed slu\u017eby.\" \/>\n<meta name=\"robots\" content=\"index, follow, max-snippet:-1, max-image-preview:large, max-video-preview:-1\" \/>\n<link rel=\"canonical\" href=\"https:\/\/www.kandk.bz\/cs\/nas-tym\/\" \/>\n<meta property=\"og:locale\" content=\"cs_CZ\" \/>\n<meta property=\"og:type\" content=\"article\" \/>\n<meta property=\"og:title\" content=\"N\u00e1\u0161 t\u00fdm - K&amp;K Sports - p\u016fj\u010dovnou a \u00faschovnou ly\u017e\u00ed\" \/>\n<meta property=\"og:description\" content=\"Sna\u017e\u00edme se V\u00e1m porad\u00edme osobn\u011b a nab\u00eddnout ty nejlep\u0161\u00ed slu\u017eby.\" \/>\n<meta property=\"og:url\" content=\"https:\/\/www.kandk.bz\/cs\/nas-tym\/\" \/>\n<meta property=\"og:site_name\" content=\"K&amp;K Sports - noleggio sci e deposito, Alpe di Siusi\" \/>\n<meta property=\"article:publisher\" content=\"https:\/\/www.facebook.com\/kandksport\" \/>\n<meta property=\"article:modified_time\" content=\"2025-12-19T12:55:02+00:00\" \/>\n<meta property=\"og:image\" content=\"https:\/\/www.kandk.bz\/wp-content\/uploads\/markuskarbon-kandk.jpg\" \/>\n\t<meta property=\"og:image:width\" content=\"798\" \/>\n\t<meta property=\"og:image:height\" content=\"798\" \/>\n\t<meta property=\"og:image:type\" content=\"image\/jpeg\" \/>\n<meta name=\"twitter:card\" content=\"summary_large_image\" \/>\n<meta name=\"twitter:label1\" content=\"Odhadovan\u00e1 doba \u010dten\u00ed\" \/>\n\t<meta name=\"twitter:data1\" content=\"1 minuta\" \/>\n<script type=\"application\/ld+json\" class=\"yoast-schema-graph\">{\"@context\":\"https:\/\/schema.org\",\"@graph\":[{\"@type\":\"WebPage\",\"@id\":\"https:\/\/www.kandk.bz\/cs\/nas-tym\/\",\"url\":\"https:\/\/www.kandk.bz\/cs\/nas-tym\/\",\"name\":\"N\u00e1\u0161 t\u00fdm - K&K Sports - p\u016fj\u010dovnou a \u00faschovnou ly\u017e\u00ed\",\"isPartOf\":{\"@id\":\"https:\/\/www.kandk.bz\/#website\"},\"primaryImageOfPage\":{\"@id\":\"https:\/\/www.kandk.bz\/cs\/nas-tym\/#primaryimage\"},\"image\":{\"@id\":\"https:\/\/www.kandk.bz\/cs\/nas-tym\/#primaryimage\"},\"thumbnailUrl\":\"https:\/\/www.kandk.bz\/wp-content\/uploads\/markuskarbon-kandk.jpg\",\"datePublished\":\"2015-11-08T08:29:56+00:00\",\"dateModified\":\"2025-12-19T12:55:02+00:00\",\"description\":\"Sna\u017e\u00edme se V\u00e1m porad\u00edme osobn\u011b a nab\u00eddnout ty nejlep\u0161\u00ed slu\u017eby.\",\"inLanguage\":\"cs\",\"potentialAction\":[{\"@type\":\"ReadAction\",\"target\":[\"https:\/\/www.kandk.bz\/cs\/nas-tym\/\"]}]},{\"@type\":\"ImageObject\",\"inLanguage\":\"cs\",\"@id\":\"https:\/\/www.kandk.bz\/cs\/nas-tym\/#primaryimage\",\"url\":\"https:\/\/www.kandk.bz\/wp-content\/uploads\/markuskarbon-kandk.jpg\",\"contentUrl\":\"https:\/\/www.kandk.bz\/wp-content\/uploads\/markuskarbon-kandk.jpg\",\"width\":798,\"height\":798},{\"@type\":\"WebSite\",\"@id\":\"https:\/\/www.kandk.bz\/#website\",\"url\":\"https:\/\/www.kandk.bz\/\",\"name\":\"K&amp;K Sports - noleggio sci e deposito, Alpe di Siusi\",\"description\":\"K&amp;K Sports - noleggio sci e deposito, Alpe di Siusi\",\"potentialAction\":[{\"@type\":\"SearchAction\",\"target\":{\"@type\":\"EntryPoint\",\"urlTemplate\":\"https:\/\/www.kandk.bz\/?s={search_term_string}\"},\"query-input\":{\"@type\":\"PropertyValueSpecification\",\"valueRequired\":true,\"valueName\":\"search_term_string\"}}],\"inLanguage\":\"cs\"}]}<\/script>\n<!-- \/ Yoast SEO plugin. -->","yoast_head_json":{"title":"N\u00e1\u0161 t\u00fdm - K&K Sports - p\u016fj\u010dovnou a \u00faschovnou ly\u017e\u00ed","description":"Sna\u017e\u00edme se V\u00e1m porad\u00edme osobn\u011b a nab\u00eddnout ty nejlep\u0161\u00ed slu\u017eby.","robots":{"index":"index","follow":"follow","max-snippet":"max-snippet:-1","max-image-preview":"max-image-preview:large","max-video-preview":"max-video-preview:-1"},"canonical":"https:\/\/www.kandk.bz\/cs\/nas-tym\/","og_locale":"cs_CZ","og_type":"article","og_title":"N\u00e1\u0161 t\u00fdm - K&K Sports - p\u016fj\u010dovnou a \u00faschovnou ly\u017e\u00ed","og_description":"Sna\u017e\u00edme se V\u00e1m porad\u00edme osobn\u011b a nab\u00eddnout ty nejlep\u0161\u00ed slu\u017eby.","og_url":"https:\/\/www.kandk.bz\/cs\/nas-tym\/","og_site_name":"K&amp;K Sports - noleggio sci e deposito, Alpe di Siusi","article_publisher":"https:\/\/www.facebook.com\/kandksport","article_modified_time":"2025-12-19T12:55:02+00:00","og_image":[{"width":798,"height":798,"url":"https:\/\/www.kandk.bz\/wp-content\/uploads\/markuskarbon-kandk.jpg","type":"image\/jpeg"}],"twitter_card":"summary_large_image","twitter_misc":{"Odhadovan\u00e1 doba \u010dten\u00ed":"1 minuta"},"schema":{"@context":"https:\/\/schema.org","@graph":[{"@type":"WebPage","@id":"https:\/\/www.kandk.bz\/cs\/nas-tym\/","url":"https:\/\/www.kandk.bz\/cs\/nas-tym\/","name":"N\u00e1\u0161 t\u00fdm - K&K Sports - p\u016fj\u010dovnou a \u00faschovnou ly\u017e\u00ed","isPartOf":{"@id":"https:\/\/www.kandk.bz\/#website"},"primaryImageOfPage":{"@id":"https:\/\/www.kandk.bz\/cs\/nas-tym\/#primaryimage"},"image":{"@id":"https:\/\/www.kandk.bz\/cs\/nas-tym\/#primaryimage"},"thumbnailUrl":"https:\/\/www.kandk.bz\/wp-content\/uploads\/markuskarbon-kandk.jpg","datePublished":"2015-11-08T08:29:56+00:00","dateModified":"2025-12-19T12:55:02+00:00","description":"Sna\u017e\u00edme se V\u00e1m porad\u00edme osobn\u011b a nab\u00eddnout ty nejlep\u0161\u00ed slu\u017eby.","inLanguage":"cs","potentialAction":[{"@type":"ReadAction","target":["https:\/\/www.kandk.bz\/cs\/nas-tym\/"]}]},{"@type":"ImageObject","inLanguage":"cs","@id":"https:\/\/www.kandk.bz\/cs\/nas-tym\/#primaryimage","url":"https:\/\/www.kandk.bz\/wp-content\/uploads\/markuskarbon-kandk.jpg","contentUrl":"https:\/\/www.kandk.bz\/wp-content\/uploads\/markuskarbon-kandk.jpg","width":798,"height":798},{"@type":"WebSite","@id":"https:\/\/www.kandk.bz\/#website","url":"https:\/\/www.kandk.bz\/","name":"K&amp;K Sports - noleggio sci e deposito, Alpe di Siusi","description":"K&amp;K Sports - noleggio sci e deposito, Alpe di Siusi","potentialAction":[{"@type":"SearchAction","target":{"@type":"EntryPoint","urlTemplate":"https:\/\/www.kandk.bz\/?s={search_term_string}"},"query-input":{"@type":"PropertyValueSpecification","valueRequired":true,"valueName":"search_term_string"}}],"inLanguage":"cs"}]}},"_links":{"self":[{"href":"https:\/\/www.kandk.bz\/cs\/wp-json\/wp\/v2\/pages\/5825","targetHints":{"allow":["GET"]}}],"collection":[{"href":"https:\/\/www.kandk.bz\/cs\/wp-json\/wp\/v2\/pages"}],"about":[{"href":"https:\/\/www.kandk.bz\/cs\/wp-json\/wp\/v2\/types\/page"}],"author":[{"embeddable":true,"href":"https:\/\/www.kandk.bz\/cs\/wp-json\/wp\/v2\/users\/3"}],"replies":[{"embeddable":true,"href":"https:\/\/www.kandk.bz\/cs\/wp-json\/wp\/v2\/comments?post=5825"}],"version-history":[{"count":2,"href":"https:\/\/www.kandk.bz\/cs\/wp-json\/wp\/v2\/pages\/5825\/revisions"}],"predecessor-version":[{"id":11010,"href":"https:\/\/www.kandk.bz\/cs\/wp-json\/wp\/v2\/pages\/5825\/revisions\/11010"}],"wp:featuredmedia":[{"embeddable":true,"href":"https:\/\/www.kandk.bz\/cs\/wp-json\/wp\/v2\/media\/4497"}],"wp:attachment":[{"href":"https:\/\/www.kandk.bz\/cs\/wp-json\/wp\/v2\/media?parent=5825"}],"curies":[{"name":"wp","href":"https:\/\/api.w.org\/{rel}","templated":true}]}}