{"id":5829,"date":"2015-11-08T11:12:56","date_gmt":"2015-11-08T10:12:56","guid":{"rendered":"http:\/\/kandk.bz\/fr\/?page_id=5829"},"modified":"2026-03-09T08:17:31","modified_gmt":"2026-03-09T07:17:31","slug":"lyzarsky-servis","status":"publish","type":"page","link":"https:\/\/www.kandk.bz\/cs\/lyzarsky-servis\/","title":{"rendered":"Ly\u017ea\u0159sk\u00fd servis"},"content":{"rendered":"<p>Nov\u00e9 ly\u017ee skv\u011ble zat\u00e1\u010dej\u00ed a optim\u00e1ln\u011b jedou. D\u00edky na\u0161emu ly\u017ea\u0159sk\u00e9mu servisu v p\u016fj\u010dovn\u011b ly\u017e\u00ed<strong> <a href=\"https:\/\/www.kandk.bz\/cs\/\">K &amp; K Sports<\/a><\/strong> v Seisu\/Siusi bl\u00edzko Seiser Alm\/Alpe di Siusi si m\u016f\u017eete tyto j\u00edzdn\u00ed vlastnosti dlouho u\u017e\u00edvat. Servis ly\u017e\u00ed a snowboard\u016f K &amp; K Sports zahrnuje rovinn\u00e9 a strukturov\u00e9 brou\u0161en\u00ed skluznic.<\/p>\n","protected":false},"excerpt":{"rendered":"<p>Nov\u00e9 ly\u017ee skv\u011ble zat\u00e1\u010dej\u00ed a optim\u00e1ln\u011b jedou. D\u00edky na\u0161emu ly\u017ea\u0159sk\u00e9mu servisu v p\u016fj\u010dovn\u011b ly\u017e\u00ed K &amp; K Sports v Seisu\/Siusi bl\u00edzko Seiser Alm\/Alpe di Siusi si m\u016f\u017eete tyto j\u00edzdn\u00ed vlastnosti dlouho u\u017e\u00edvat. Servis ly\u017e\u00ed a snowboard\u016f K &amp; K Sports zahrnuje rovinn\u00e9 a strukturov\u00e9 brou\u0161en\u00ed skluznic.<\/p>\n","protected":false},"author":3,"featured_media":5611,"parent":0,"menu_order":60,"comment_status":"closed","ping_status":"closed","template":"","meta":{"_acf_changed":false,"footnotes":""},"class_list":["post-5829","page","type-page","status-publish","has-post-thumbnail","hentry"],"acf":[],"yoast_head":"<!-- This site is optimized with the Yoast SEO plugin v27.0 - https:\/\/yoast.com\/product\/yoast-seo-wordpress\/ -->\n<title>Ly\u017ea\u0159sk\u00fd servis - K&amp;K Sports - P\u016fj\u010dovna ly\u017e\u00ed, Alpe de Siusi<\/title>\n<meta name=\"description\" content=\"Nov\u00e9 ly\u017ee skv\u011ble zat\u00e1\u010dej\u00ed a optim\u00e1ln\u011b jedou. D\u00edky na\u0161emu ly\u017ea\u0159sk\u00e9mu servisu v p\u016fj\u010dovn\u011b ly\u017e\u00ed K &amp; K Sports v Seisu\/Siusi bl\u00edzko Seiser Alm\/Alpe di Siusi si m\u016f\u017eete tyto j\u00edzdn\u00ed vlastnosti dlouho u\u017e\u00edvat\" \/>\n<meta name=\"robots\" content=\"index, follow, max-snippet:-1, max-image-preview:large, max-video-preview:-1\" \/>\n<link rel=\"canonical\" href=\"https:\/\/www.kandk.bz\/cs\/lyzarsky-servis\/\" \/>\n<meta property=\"og:locale\" content=\"cs_CZ\" \/>\n<meta property=\"og:type\" content=\"article\" \/>\n<meta property=\"og:title\" content=\"Ly\u017ea\u0159sk\u00fd servis - K&amp;K Sports - P\u016fj\u010dovna ly\u017e\u00ed, Alpe de Siusi\" \/>\n<meta property=\"og:description\" content=\"Nov\u00e9 ly\u017ee skv\u011ble zat\u00e1\u010dej\u00ed a optim\u00e1ln\u011b jedou. D\u00edky na\u0161emu ly\u017ea\u0159sk\u00e9mu servisu v p\u016fj\u010dovn\u011b ly\u017e\u00ed K &amp; K Sports v Seisu\/Siusi bl\u00edzko Seiser Alm\/Alpe di Siusi si m\u016f\u017eete tyto j\u00edzdn\u00ed vlastnosti dlouho u\u017e\u00edvat\" \/>\n<meta property=\"og:url\" content=\"https:\/\/www.kandk.bz\/cs\/lyzarsky-servis\/\" \/>\n<meta property=\"og:site_name\" content=\"K&amp;K Sports - noleggio sci e deposito, Alpe di Siusi\" \/>\n<meta property=\"article:publisher\" content=\"https:\/\/www.facebook.com\/kandksport\" \/>\n<meta property=\"article:modified_time\" content=\"2026-03-09T07:17:31+00:00\" \/>\n<meta property=\"og:image\" content=\"https:\/\/www.kandk.bz\/wp-content\/uploads\/montana_jetbond_st.jpg\" \/>\n\t<meta property=\"og:image:width\" content=\"800\" \/>\n\t<meta property=\"og:image:height\" content=\"400\" \/>\n\t<meta property=\"og:image:type\" content=\"image\/jpeg\" \/>\n<meta name=\"twitter:card\" content=\"summary_large_image\" \/>\n<meta name=\"twitter:label1\" content=\"Odhadovan\u00e1 doba \u010dten\u00ed\" \/>\n\t<meta name=\"twitter:data1\" content=\"1 minuta\" \/>\n<script type=\"application\/ld+json\" class=\"yoast-schema-graph\">{\"@context\":\"https:\/\/schema.org\",\"@graph\":[{\"@type\":\"WebPage\",\"@id\":\"https:\/\/www.kandk.bz\/cs\/lyzarsky-servis\/\",\"url\":\"https:\/\/www.kandk.bz\/cs\/lyzarsky-servis\/\",\"name\":\"Ly\u017ea\u0159sk\u00fd servis - K&K Sports - P\u016fj\u010dovna ly\u017e\u00ed, Alpe de Siusi\",\"isPartOf\":{\"@id\":\"https:\/\/www.kandk.bz\/#website\"},\"primaryImageOfPage\":{\"@id\":\"https:\/\/www.kandk.bz\/cs\/lyzarsky-servis\/#primaryimage\"},\"image\":{\"@id\":\"https:\/\/www.kandk.bz\/cs\/lyzarsky-servis\/#primaryimage\"},\"thumbnailUrl\":\"https:\/\/www.kandk.bz\/wp-content\/uploads\/montana_jetbond_st.jpg\",\"datePublished\":\"2015-11-08T10:12:56+00:00\",\"dateModified\":\"2026-03-09T07:17:31+00:00\",\"description\":\"Nov\u00e9 ly\u017ee skv\u011ble zat\u00e1\u010dej\u00ed a optim\u00e1ln\u011b jedou. D\u00edky na\u0161emu ly\u017ea\u0159sk\u00e9mu servisu v p\u016fj\u010dovn\u011b ly\u017e\u00ed K & K Sports v Seisu\/Siusi bl\u00edzko Seiser Alm\/Alpe di Siusi si m\u016f\u017eete tyto j\u00edzdn\u00ed vlastnosti dlouho u\u017e\u00edvat\",\"inLanguage\":\"cs\",\"potentialAction\":[{\"@type\":\"ReadAction\",\"target\":[\"https:\/\/www.kandk.bz\/cs\/lyzarsky-servis\/\"]}]},{\"@type\":\"ImageObject\",\"inLanguage\":\"cs\",\"@id\":\"https:\/\/www.kandk.bz\/cs\/lyzarsky-servis\/#primaryimage\",\"url\":\"https:\/\/www.kandk.bz\/wp-content\/uploads\/montana_jetbond_st.jpg\",\"contentUrl\":\"https:\/\/www.kandk.bz\/wp-content\/uploads\/montana_jetbond_st.jpg\",\"width\":800,\"height\":400},{\"@type\":\"WebSite\",\"@id\":\"https:\/\/www.kandk.bz\/#website\",\"url\":\"https:\/\/www.kandk.bz\/\",\"name\":\"K&amp;K Sports - noleggio sci e deposito, Alpe di Siusi\",\"description\":\"K&amp;K Sports - noleggio sci e deposito, Alpe di Siusi\",\"potentialAction\":[{\"@type\":\"SearchAction\",\"target\":{\"@type\":\"EntryPoint\",\"urlTemplate\":\"https:\/\/www.kandk.bz\/?s={search_term_string}\"},\"query-input\":{\"@type\":\"PropertyValueSpecification\",\"valueRequired\":true,\"valueName\":\"search_term_string\"}}],\"inLanguage\":\"cs\"}]}<\/script>\n<!-- \/ Yoast SEO plugin. -->","yoast_head_json":{"title":"Ly\u017ea\u0159sk\u00fd servis - K&K Sports - P\u016fj\u010dovna ly\u017e\u00ed, Alpe de Siusi","description":"Nov\u00e9 ly\u017ee skv\u011ble zat\u00e1\u010dej\u00ed a optim\u00e1ln\u011b jedou. D\u00edky na\u0161emu ly\u017ea\u0159sk\u00e9mu servisu v p\u016fj\u010dovn\u011b ly\u017e\u00ed K & K Sports v Seisu\/Siusi bl\u00edzko Seiser Alm\/Alpe di Siusi si m\u016f\u017eete tyto j\u00edzdn\u00ed vlastnosti dlouho u\u017e\u00edvat","robots":{"index":"index","follow":"follow","max-snippet":"max-snippet:-1","max-image-preview":"max-image-preview:large","max-video-preview":"max-video-preview:-1"},"canonical":"https:\/\/www.kandk.bz\/cs\/lyzarsky-servis\/","og_locale":"cs_CZ","og_type":"article","og_title":"Ly\u017ea\u0159sk\u00fd servis - K&K Sports - P\u016fj\u010dovna ly\u017e\u00ed, Alpe de Siusi","og_description":"Nov\u00e9 ly\u017ee skv\u011ble zat\u00e1\u010dej\u00ed a optim\u00e1ln\u011b jedou. D\u00edky na\u0161emu ly\u017ea\u0159sk\u00e9mu servisu v p\u016fj\u010dovn\u011b ly\u017e\u00ed K & K Sports v Seisu\/Siusi bl\u00edzko Seiser Alm\/Alpe di Siusi si m\u016f\u017eete tyto j\u00edzdn\u00ed vlastnosti dlouho u\u017e\u00edvat","og_url":"https:\/\/www.kandk.bz\/cs\/lyzarsky-servis\/","og_site_name":"K&amp;K Sports - noleggio sci e deposito, Alpe di Siusi","article_publisher":"https:\/\/www.facebook.com\/kandksport","article_modified_time":"2026-03-09T07:17:31+00:00","og_image":[{"width":800,"height":400,"url":"https:\/\/www.kandk.bz\/wp-content\/uploads\/montana_jetbond_st.jpg","type":"image\/jpeg"}],"twitter_card":"summary_large_image","twitter_misc":{"Odhadovan\u00e1 doba \u010dten\u00ed":"1 minuta"},"schema":{"@context":"https:\/\/schema.org","@graph":[{"@type":"WebPage","@id":"https:\/\/www.kandk.bz\/cs\/lyzarsky-servis\/","url":"https:\/\/www.kandk.bz\/cs\/lyzarsky-servis\/","name":"Ly\u017ea\u0159sk\u00fd servis - K&K Sports - P\u016fj\u010dovna ly\u017e\u00ed, Alpe de Siusi","isPartOf":{"@id":"https:\/\/www.kandk.bz\/#website"},"primaryImageOfPage":{"@id":"https:\/\/www.kandk.bz\/cs\/lyzarsky-servis\/#primaryimage"},"image":{"@id":"https:\/\/www.kandk.bz\/cs\/lyzarsky-servis\/#primaryimage"},"thumbnailUrl":"https:\/\/www.kandk.bz\/wp-content\/uploads\/montana_jetbond_st.jpg","datePublished":"2015-11-08T10:12:56+00:00","dateModified":"2026-03-09T07:17:31+00:00","description":"Nov\u00e9 ly\u017ee skv\u011ble zat\u00e1\u010dej\u00ed a optim\u00e1ln\u011b jedou. D\u00edky na\u0161emu ly\u017ea\u0159sk\u00e9mu servisu v p\u016fj\u010dovn\u011b ly\u017e\u00ed K & K Sports v Seisu\/Siusi bl\u00edzko Seiser Alm\/Alpe di Siusi si m\u016f\u017eete tyto j\u00edzdn\u00ed vlastnosti dlouho u\u017e\u00edvat","inLanguage":"cs","potentialAction":[{"@type":"ReadAction","target":["https:\/\/www.kandk.bz\/cs\/lyzarsky-servis\/"]}]},{"@type":"ImageObject","inLanguage":"cs","@id":"https:\/\/www.kandk.bz\/cs\/lyzarsky-servis\/#primaryimage","url":"https:\/\/www.kandk.bz\/wp-content\/uploads\/montana_jetbond_st.jpg","contentUrl":"https:\/\/www.kandk.bz\/wp-content\/uploads\/montana_jetbond_st.jpg","width":800,"height":400},{"@type":"WebSite","@id":"https:\/\/www.kandk.bz\/#website","url":"https:\/\/www.kandk.bz\/","name":"K&amp;K Sports - noleggio sci e deposito, Alpe di Siusi","description":"K&amp;K Sports - noleggio sci e deposito, Alpe di Siusi","potentialAction":[{"@type":"SearchAction","target":{"@type":"EntryPoint","urlTemplate":"https:\/\/www.kandk.bz\/?s={search_term_string}"},"query-input":{"@type":"PropertyValueSpecification","valueRequired":true,"valueName":"search_term_string"}}],"inLanguage":"cs"}]}},"_links":{"self":[{"href":"https:\/\/www.kandk.bz\/cs\/wp-json\/wp\/v2\/pages\/5829","targetHints":{"allow":["GET"]}}],"collection":[{"href":"https:\/\/www.kandk.bz\/cs\/wp-json\/wp\/v2\/pages"}],"about":[{"href":"https:\/\/www.kandk.bz\/cs\/wp-json\/wp\/v2\/types\/page"}],"author":[{"embeddable":true,"href":"https:\/\/www.kandk.bz\/cs\/wp-json\/wp\/v2\/users\/3"}],"replies":[{"embeddable":true,"href":"https:\/\/www.kandk.bz\/cs\/wp-json\/wp\/v2\/comments?post=5829"}],"version-history":[{"count":3,"href":"https:\/\/www.kandk.bz\/cs\/wp-json\/wp\/v2\/pages\/5829\/revisions"}],"predecessor-version":[{"id":11143,"href":"https:\/\/www.kandk.bz\/cs\/wp-json\/wp\/v2\/pages\/5829\/revisions\/11143"}],"wp:featuredmedia":[{"embeddable":true,"href":"https:\/\/www.kandk.bz\/cs\/wp-json\/wp\/v2\/media\/5611"}],"wp:attachment":[{"href":"https:\/\/www.kandk.bz\/cs\/wp-json\/wp\/v2\/media?parent=5829"}],"curies":[{"name":"wp","href":"https:\/\/api.w.org\/{rel}","templated":true}]}}