{"id":5832,"date":"2015-11-08T11:39:33","date_gmt":"2015-11-08T10:39:33","guid":{"rendered":"http:\/\/kandk.bz\/fr\/?page_id=5832"},"modified":"2022-06-29T06:44:03","modified_gmt":"2022-06-29T04:44:03","slug":"kontakt","status":"publish","type":"page","link":"https:\/\/www.kandk.bz\/cs\/kontakt\/","title":{"rendered":"Kontakt"},"content":{"rendered":"<div class=\"one-half\">\n<p>V p\u0159\u00edpad\u011b dotaz\u016f n\u00e1s kontaktujte!<\/p>\n<h3><span lang=\"CS\">Pros\u00edm, pos\u00edlejte mi Va\u0161e popt\u00e1vky v\u00a0n\u011bm\u010din\u011b, ital\u0161tin\u011b nebo angli\u010dtin\u011b<\/span>!<\/h3>\n\n<div class=\"wpcf7 no-js\" id=\"wpcf7-f5831-o1\" lang=\"cs-CZ\" dir=\"ltr\" data-wpcf7-id=\"5831\">\n<div class=\"screen-reader-response\"><p role=\"status\" aria-live=\"polite\" aria-atomic=\"true\"><\/p> <ul><\/ul><\/div>\n<form action=\"\/cs\/wp-json\/wp\/v2\/pages\/5832#wpcf7-f5831-o1\" method=\"post\" class=\"wpcf7-form init wpcf7-acceptance-as-validation\" aria-label=\"Kontaktn\u00ed formul\u00e1\u0159\" novalidate=\"novalidate\" data-status=\"init\">\n<fieldset class=\"hidden-fields-container\"><input type=\"hidden\" name=\"_wpcf7\" value=\"5831\" \/><input type=\"hidden\" name=\"_wpcf7_version\" value=\"6.1.5\" \/><input type=\"hidden\" name=\"_wpcf7_locale\" value=\"cs_CZ\" \/><input type=\"hidden\" name=\"_wpcf7_unit_tag\" value=\"wpcf7-f5831-o1\" \/><input type=\"hidden\" name=\"_wpcf7_container_post\" value=\"0\" \/><input type=\"hidden\" name=\"_wpcf7_posted_data_hash\" value=\"\" \/><input type=\"hidden\" name=\"_wpcf7_recaptcha_response\" value=\"\" \/>\n<\/fieldset>\n<div class=\"full-width\">\n\t<p><span class=\"wpcf7-form-control-wrap\" data-name=\"Your-Name\"><input size=\"40\" maxlength=\"400\" class=\"wpcf7-form-control wpcf7-text wpcf7-validates-as-required\" aria-required=\"true\" aria-invalid=\"false\" placeholder=\"Va\u0161e jm\u00e9no*\" value=\"\" type=\"text\" name=\"Your-Name\" \/><\/span>\n\t<\/p>\n<\/div>\n<div class=\"full-width\">\n\t<p><span class=\"wpcf7-form-control-wrap\" data-name=\"E-Mail\"><input size=\"40\" maxlength=\"400\" class=\"wpcf7-form-control wpcf7-email wpcf7-validates-as-required wpcf7-text wpcf7-validates-as-email\" aria-required=\"true\" aria-invalid=\"false\" placeholder=\"V\u00e1\u0161 email*\" value=\"\" type=\"email\" name=\"E-Mail\" \/><\/span>\n\t<\/p>\n<\/div>\n<div class=\"full-width\">\n\t<p><span class=\"wpcf7-form-control-wrap\" data-name=\"Anmerkungen\"><textarea cols=\"40\" rows=\"10\" maxlength=\"2000\" class=\"wpcf7-form-control wpcf7-textarea wpcf7-validates-as-required\" aria-required=\"true\" aria-invalid=\"false\" placeholder=\"Va\u0161e zpr\u00e1va*\" name=\"Anmerkungen\"><\/textarea><\/span>\n\t<\/p>\n<\/div>\n<div class=\"last-row div-privacy-check\">\n\t<p><span class=\"wpcf7-form-control-wrap\" data-name=\"privacy\"><span class=\"wpcf7-form-control wpcf7-acceptance\"><span class=\"wpcf7-list-item\"><label><input type=\"checkbox\" name=\"privacy\" value=\"1\" aria-invalid=\"false\" \/><span class=\"wpcf7-list-item-label\">&nbsp; &nbsp;<span class=\"privacy-txt\">Zn\u00e1m <a href='\/cs\/imprint' target='_blank'>pravidla ochrany<\/a> soukrom\u00ed a v pln\u00e9m rozsahu je akceptuji*.<\/span><\/span><\/label><\/span><\/span><\/span>\n\t<\/p>\n\t<p><input class=\"wpcf7-form-control wpcf7-submit has-spinner\" type=\"submit\" value=\"Odeslat\" \/>\n\t<\/p>\n<\/div><div class=\"wpcf7-response-output\" aria-hidden=\"true\"><\/div>\n<\/form>\n<\/div>\n\n<\/div>\n<div class=\"one-half\">\n<p><b>K &amp; K SPORTS<\/b><br \/>\nP\u016fj\u010dovna ly\u017e\u00ed a snowboard\u016f<br \/>\nFamily Karbon<br \/>\nZona artiganale 82<br \/>\nI-39050 Fi\u00e8 allo Sciliar (BZ)<\/p>\n<p>Tel. <a href=\"tel:+390471706129\">+39 0471 706129<\/a><br \/>\nFax: +39 0471 706129<\/p>\n<p>E-Mail: <a href=\"mailto:info@kandk.bz\">info@kandk.bz<\/a><br \/>\nInternet: <a href=\"https:\/\/www.kandk.bz\/\">www.kandk.bz<\/a><\/p>\n<p><a href=\"\/wp-content\/themes\/kandk\/images\/KandK_Sports.vcf\">st\u00e1hnout vizitku<\/a><\/p>\n<p><a href=\"https:\/\/kandk.bz\/wp-content\/uploads\/qrcode-kontakt.png\"><img loading=\"lazy\" decoding=\"async\" class=\"alignnone wp-image-5006 size-thumbnail\" src=\"https:\/\/www.kandk.bz\/wp-content\/uploads\/\/qrcode-kontakt-150x150.png\" alt=\"\" width=\"150\" height=\"150\" srcset=\"https:\/\/www.kandk.bz\/wp-content\/uploads\/qrcode-kontakt-150x150.png 150w, https:\/\/www.kandk.bz\/wp-content\/uploads\/qrcode-kontakt-300x300.png 300w, https:\/\/www.kandk.bz\/wp-content\/uploads\/qrcode-kontakt.png 400w\" sizes=\"auto, (max-width: 150px) 100vw, 150px\" \/><\/a><\/p>\n<p>&nbsp;<\/p>\n<\/div>\n","protected":false},"excerpt":{"rendered":"<p>V p\u0159\u00edpad\u011b dotaz\u016f n\u00e1s kontaktujte! Pros\u00edm, pos\u00edlejte mi Va\u0161e popt\u00e1vky v\u00a0n\u011bm\u010din\u011b, ital\u0161tin\u011b nebo angli\u010dtin\u011b! K &amp; K SPORTS P\u016fj\u010dovna ly\u017e\u00ed a snowboard\u016f Family Karbon Zona artiganale 82 I-39050 Fi\u00e8 allo Sciliar (BZ) Tel. +39 0471 706129 Fax: +39 0471 706129 E-Mail: info@kandk.bz Internet: www.kandk.bz st\u00e1hnout vizitku &nbsp;<\/p>\n","protected":false},"author":3,"featured_media":0,"parent":0,"menu_order":85,"comment_status":"closed","ping_status":"closed","template":"template-kontakt.php","meta":{"_acf_changed":false,"footnotes":""},"class_list":["post-5832","page","type-page","status-publish","hentry"],"acf":[],"yoast_head":"<!-- This site is optimized with the Yoast SEO plugin v27.0 - https:\/\/yoast.com\/product\/yoast-seo-wordpress\/ -->\n<title>Kontakt - K&amp;K Sports - p\u016fj\u010dovnou a \u00faschovnou ly\u017e\u00ed<\/title>\n<meta name=\"description\" content=\"V p\u0159\u00edpad\u011b dotaz\u016f n\u00e1s kontaktujte!\" \/>\n<meta name=\"robots\" content=\"index, follow, max-snippet:-1, max-image-preview:large, max-video-preview:-1\" \/>\n<link rel=\"canonical\" href=\"https:\/\/www.kandk.bz\/cs\/kontakt\/\" \/>\n<meta property=\"og:locale\" content=\"cs_CZ\" \/>\n<meta property=\"og:type\" content=\"article\" \/>\n<meta property=\"og:title\" content=\"Kontakt - K&amp;K Sports - p\u016fj\u010dovnou a \u00faschovnou ly\u017e\u00ed\" \/>\n<meta property=\"og:description\" content=\"V p\u0159\u00edpad\u011b dotaz\u016f n\u00e1s kontaktujte!\" \/>\n<meta property=\"og:url\" content=\"https:\/\/www.kandk.bz\/cs\/kontakt\/\" \/>\n<meta property=\"og:site_name\" content=\"K&amp;K Sports - noleggio sci e deposito, Alpe di Siusi\" \/>\n<meta property=\"article:publisher\" content=\"https:\/\/www.facebook.com\/kandksport\" \/>\n<meta property=\"article:modified_time\" content=\"2022-06-29T04:44:03+00:00\" \/>\n<meta property=\"og:image\" content=\"https:\/\/www.kandk.bz\/wp-content\/uploads\/\/qrcode-kontakt-150x150.png\" \/>\n<meta name=\"twitter:card\" content=\"summary_large_image\" \/>\n<script type=\"application\/ld+json\" class=\"yoast-schema-graph\">{\"@context\":\"https:\/\/schema.org\",\"@graph\":[{\"@type\":\"WebPage\",\"@id\":\"https:\/\/www.kandk.bz\/cs\/kontakt\/\",\"url\":\"https:\/\/www.kandk.bz\/cs\/kontakt\/\",\"name\":\"Kontakt - K&K Sports - p\u016fj\u010dovnou a \u00faschovnou ly\u017e\u00ed\",\"isPartOf\":{\"@id\":\"https:\/\/www.kandk.bz\/#website\"},\"primaryImageOfPage\":{\"@id\":\"https:\/\/www.kandk.bz\/cs\/kontakt\/#primaryimage\"},\"image\":{\"@id\":\"https:\/\/www.kandk.bz\/cs\/kontakt\/#primaryimage\"},\"thumbnailUrl\":\"https:\/\/www.kandk.bz\/wp-content\/uploads\/\/qrcode-kontakt-150x150.png\",\"datePublished\":\"2015-11-08T10:39:33+00:00\",\"dateModified\":\"2022-06-29T04:44:03+00:00\",\"description\":\"V p\u0159\u00edpad\u011b dotaz\u016f n\u00e1s kontaktujte!\",\"inLanguage\":\"cs\",\"potentialAction\":[{\"@type\":\"ReadAction\",\"target\":[\"https:\/\/www.kandk.bz\/cs\/kontakt\/\"]}]},{\"@type\":\"ImageObject\",\"inLanguage\":\"cs\",\"@id\":\"https:\/\/www.kandk.bz\/cs\/kontakt\/#primaryimage\",\"url\":\"https:\/\/www.kandk.bz\/wp-content\/uploads\/\/qrcode-kontakt-150x150.png\",\"contentUrl\":\"https:\/\/www.kandk.bz\/wp-content\/uploads\/\/qrcode-kontakt-150x150.png\"},{\"@type\":\"WebSite\",\"@id\":\"https:\/\/www.kandk.bz\/#website\",\"url\":\"https:\/\/www.kandk.bz\/\",\"name\":\"K&amp;K Sports - noleggio sci e deposito, Alpe di Siusi\",\"description\":\"K&amp;K Sports - noleggio sci e deposito, Alpe di Siusi\",\"potentialAction\":[{\"@type\":\"SearchAction\",\"target\":{\"@type\":\"EntryPoint\",\"urlTemplate\":\"https:\/\/www.kandk.bz\/?s={search_term_string}\"},\"query-input\":{\"@type\":\"PropertyValueSpecification\",\"valueRequired\":true,\"valueName\":\"search_term_string\"}}],\"inLanguage\":\"cs\"}]}<\/script>\n<!-- \/ Yoast SEO plugin. -->","yoast_head_json":{"title":"Kontakt - K&K Sports - p\u016fj\u010dovnou a \u00faschovnou ly\u017e\u00ed","description":"V p\u0159\u00edpad\u011b dotaz\u016f n\u00e1s kontaktujte!","robots":{"index":"index","follow":"follow","max-snippet":"max-snippet:-1","max-image-preview":"max-image-preview:large","max-video-preview":"max-video-preview:-1"},"canonical":"https:\/\/www.kandk.bz\/cs\/kontakt\/","og_locale":"cs_CZ","og_type":"article","og_title":"Kontakt - K&K Sports - p\u016fj\u010dovnou a \u00faschovnou ly\u017e\u00ed","og_description":"V p\u0159\u00edpad\u011b dotaz\u016f n\u00e1s kontaktujte!","og_url":"https:\/\/www.kandk.bz\/cs\/kontakt\/","og_site_name":"K&amp;K Sports - noleggio sci e deposito, Alpe di Siusi","article_publisher":"https:\/\/www.facebook.com\/kandksport","article_modified_time":"2022-06-29T04:44:03+00:00","og_image":[{"url":"https:\/\/www.kandk.bz\/wp-content\/uploads\/\/qrcode-kontakt-150x150.png","type":"","width":"","height":""}],"twitter_card":"summary_large_image","schema":{"@context":"https:\/\/schema.org","@graph":[{"@type":"WebPage","@id":"https:\/\/www.kandk.bz\/cs\/kontakt\/","url":"https:\/\/www.kandk.bz\/cs\/kontakt\/","name":"Kontakt - K&K Sports - p\u016fj\u010dovnou a \u00faschovnou ly\u017e\u00ed","isPartOf":{"@id":"https:\/\/www.kandk.bz\/#website"},"primaryImageOfPage":{"@id":"https:\/\/www.kandk.bz\/cs\/kontakt\/#primaryimage"},"image":{"@id":"https:\/\/www.kandk.bz\/cs\/kontakt\/#primaryimage"},"thumbnailUrl":"https:\/\/www.kandk.bz\/wp-content\/uploads\/\/qrcode-kontakt-150x150.png","datePublished":"2015-11-08T10:39:33+00:00","dateModified":"2022-06-29T04:44:03+00:00","description":"V p\u0159\u00edpad\u011b dotaz\u016f n\u00e1s kontaktujte!","inLanguage":"cs","potentialAction":[{"@type":"ReadAction","target":["https:\/\/www.kandk.bz\/cs\/kontakt\/"]}]},{"@type":"ImageObject","inLanguage":"cs","@id":"https:\/\/www.kandk.bz\/cs\/kontakt\/#primaryimage","url":"https:\/\/www.kandk.bz\/wp-content\/uploads\/\/qrcode-kontakt-150x150.png","contentUrl":"https:\/\/www.kandk.bz\/wp-content\/uploads\/\/qrcode-kontakt-150x150.png"},{"@type":"WebSite","@id":"https:\/\/www.kandk.bz\/#website","url":"https:\/\/www.kandk.bz\/","name":"K&amp;K Sports - noleggio sci e deposito, Alpe di Siusi","description":"K&amp;K Sports - noleggio sci e deposito, Alpe di Siusi","potentialAction":[{"@type":"SearchAction","target":{"@type":"EntryPoint","urlTemplate":"https:\/\/www.kandk.bz\/?s={search_term_string}"},"query-input":{"@type":"PropertyValueSpecification","valueRequired":true,"valueName":"search_term_string"}}],"inLanguage":"cs"}]}},"_links":{"self":[{"href":"https:\/\/www.kandk.bz\/cs\/wp-json\/wp\/v2\/pages\/5832","targetHints":{"allow":["GET"]}}],"collection":[{"href":"https:\/\/www.kandk.bz\/cs\/wp-json\/wp\/v2\/pages"}],"about":[{"href":"https:\/\/www.kandk.bz\/cs\/wp-json\/wp\/v2\/types\/page"}],"author":[{"embeddable":true,"href":"https:\/\/www.kandk.bz\/cs\/wp-json\/wp\/v2\/users\/3"}],"replies":[{"embeddable":true,"href":"https:\/\/www.kandk.bz\/cs\/wp-json\/wp\/v2\/comments?post=5832"}],"version-history":[{"count":5,"href":"https:\/\/www.kandk.bz\/cs\/wp-json\/wp\/v2\/pages\/5832\/revisions"}],"predecessor-version":[{"id":9586,"href":"https:\/\/www.kandk.bz\/cs\/wp-json\/wp\/v2\/pages\/5832\/revisions\/9586"}],"wp:attachment":[{"href":"https:\/\/www.kandk.bz\/cs\/wp-json\/wp\/v2\/media?parent=5832"}],"curies":[{"name":"wp","href":"https:\/\/api.w.org\/{rel}","templated":true}]}}