{"id":5643,"date":"2015-11-02T16:18:52","date_gmt":"2015-11-02T15:18:52","guid":{"rendered":"http:\/\/kandk.bz\/it\/?page_id=5643"},"modified":"2021-12-30T18:14:05","modified_gmt":"2021-12-30T17:14:05","slug":"depot","status":"publish","type":"page","link":"https:\/\/www.kandk.bz\/fr\/depot\/","title":{"rendered":"D\u00e9p\u00f4t"},"content":{"rendered":"<h2>Louez un d\u00e9p\u00f4t \u00e0\u00a0 skis \u00e0 Siusi ou sur l\u2019Alpe de Siusi.<\/h2>\n<p><strong>Le d\u00e9p\u00f4t<\/strong> \u00e0 skis de notre magasin de Siusi se trouve directement sur l\u2019Alpe de Siusi, plus pr\u00e9cis\u00e9ment au niveau de la <strong>station d\u2019altitude du t\u00e9l\u00e9ph\u00e9rique Alpe de Siusi<\/strong>. <strong>\u00c0 Siusi m\u00eame, il est situ\u00e9 au d\u00e9part du t\u00e9l\u00e9ph\u00e9rique.<\/strong><\/p>\n<blockquote><p>Avec <a href=\"\/fr\/\">K &amp; K Sports<\/a> \u00e0 Siusi allo Sciliar et sur l\u2019Alpe de Siusi, vous \u00eates assur\u00e9s de passer des vacances en toute tranquillit\u00e9!<\/p><\/blockquote>\n","protected":false},"excerpt":{"rendered":"<p>Louez un d\u00e9p\u00f4t \u00e0\u00a0 skis \u00e0 Siusi ou sur l\u2019Alpe de Siusi. Le d\u00e9p\u00f4t \u00e0 skis de notre magasin de Siusi se trouve directement sur l\u2019Alpe de Siusi, plus pr\u00e9cis\u00e9ment au niveau de la station d\u2019altitude du t\u00e9l\u00e9ph\u00e9rique Alpe de Siusi. \u00c0 Siusi m\u00eame, il est situ\u00e9 au d\u00e9part du t\u00e9l\u00e9ph\u00e9rique. Avec K &amp; K [&hellip;]<\/p>\n","protected":false},"author":3,"featured_media":0,"parent":0,"menu_order":30,"comment_status":"closed","ping_status":"closed","template":"template-aufzaehlung.php","meta":{"_acf_changed":false,"footnotes":""},"class_list":["post-5643","page","type-page","status-publish","hentry"],"acf":[],"yoast_head":"<!-- This site is optimized with the Yoast SEO plugin v27.0 - https:\/\/yoast.com\/product\/yoast-seo-wordpress\/ -->\n<title>D\u00e9p\u00f4t - K&amp;K Sports - location de skis, Alpe de Siusi<\/title>\n<meta name=\"description\" content=\"Louez un d\u00e9p\u00f4t \u00e0 skis \u00e0 Siusi ou sur l\u2019Alpe de Siusi. Le d\u00e9p\u00f4t \u00e0 skis de notre magasin de Siusi se trouve directement sur l\u2019Alpe de Siusi, plus pr\u00e9cis\u00e9ment au niveau de la station d\u2019altitude du t\u00e9l\u00e9ph\u00e9rique Alpe de Siusi.\" \/>\n<meta name=\"robots\" content=\"index, follow, max-snippet:-1, max-image-preview:large, max-video-preview:-1\" \/>\n<link rel=\"canonical\" href=\"https:\/\/www.kandk.bz\/fr\/depot\/\" \/>\n<meta property=\"og:locale\" content=\"fr_FR\" \/>\n<meta property=\"og:type\" content=\"article\" \/>\n<meta property=\"og:title\" content=\"D\u00e9p\u00f4t - K&amp;K Sports - location de skis, Alpe de Siusi\" \/>\n<meta property=\"og:description\" content=\"Louez un d\u00e9p\u00f4t \u00e0 skis \u00e0 Siusi ou sur l\u2019Alpe de Siusi. Le d\u00e9p\u00f4t \u00e0 skis de notre magasin de Siusi se trouve directement sur l\u2019Alpe de Siusi, plus pr\u00e9cis\u00e9ment au niveau de la station d\u2019altitude du t\u00e9l\u00e9ph\u00e9rique Alpe de Siusi.\" \/>\n<meta property=\"og:url\" content=\"https:\/\/www.kandk.bz\/fr\/depot\/\" \/>\n<meta property=\"og:site_name\" content=\"K&amp;K Sports - noleggio sci e deposito, Alpe di Siusi\" \/>\n<meta property=\"article:publisher\" content=\"https:\/\/www.facebook.com\/kandksport\" \/>\n<meta property=\"article:modified_time\" content=\"2021-12-30T17:14:05+00:00\" \/>\n<meta name=\"twitter:card\" content=\"summary_large_image\" \/>\n<script type=\"application\/ld+json\" class=\"yoast-schema-graph\">{\"@context\":\"https:\/\/schema.org\",\"@graph\":[{\"@type\":\"WebPage\",\"@id\":\"https:\/\/www.kandk.bz\/fr\/depot\/\",\"url\":\"https:\/\/www.kandk.bz\/fr\/depot\/\",\"name\":\"D\u00e9p\u00f4t - K&K Sports - location de skis, Alpe de Siusi\",\"isPartOf\":{\"@id\":\"https:\/\/www.kandk.bz\/#website\"},\"datePublished\":\"2015-11-02T15:18:52+00:00\",\"dateModified\":\"2021-12-30T17:14:05+00:00\",\"description\":\"Louez un d\u00e9p\u00f4t \u00e0 skis \u00e0 Siusi ou sur l\u2019Alpe de Siusi. Le d\u00e9p\u00f4t \u00e0 skis de notre magasin de Siusi se trouve directement sur l\u2019Alpe de Siusi, plus pr\u00e9cis\u00e9ment au niveau de la station d\u2019altitude du t\u00e9l\u00e9ph\u00e9rique Alpe de Siusi.\",\"inLanguage\":\"fr-FR\",\"potentialAction\":[{\"@type\":\"ReadAction\",\"target\":[\"https:\/\/www.kandk.bz\/fr\/depot\/\"]}]},{\"@type\":\"WebSite\",\"@id\":\"https:\/\/www.kandk.bz\/#website\",\"url\":\"https:\/\/www.kandk.bz\/\",\"name\":\"K&amp;K Sports - noleggio sci e deposito, Alpe di Siusi\",\"description\":\"K&amp;K Sports - noleggio sci e deposito, Alpe di Siusi\",\"potentialAction\":[{\"@type\":\"SearchAction\",\"target\":{\"@type\":\"EntryPoint\",\"urlTemplate\":\"https:\/\/www.kandk.bz\/?s={search_term_string}\"},\"query-input\":{\"@type\":\"PropertyValueSpecification\",\"valueRequired\":true,\"valueName\":\"search_term_string\"}}],\"inLanguage\":\"fr-FR\"}]}<\/script>\n<!-- \/ Yoast SEO plugin. -->","yoast_head_json":{"title":"D\u00e9p\u00f4t - K&K Sports - location de skis, Alpe de Siusi","description":"Louez un d\u00e9p\u00f4t \u00e0 skis \u00e0 Siusi ou sur l\u2019Alpe de Siusi. Le d\u00e9p\u00f4t \u00e0 skis de notre magasin de Siusi se trouve directement sur l\u2019Alpe de Siusi, plus pr\u00e9cis\u00e9ment au niveau de la station d\u2019altitude du t\u00e9l\u00e9ph\u00e9rique Alpe de Siusi.","robots":{"index":"index","follow":"follow","max-snippet":"max-snippet:-1","max-image-preview":"max-image-preview:large","max-video-preview":"max-video-preview:-1"},"canonical":"https:\/\/www.kandk.bz\/fr\/depot\/","og_locale":"fr_FR","og_type":"article","og_title":"D\u00e9p\u00f4t - K&K Sports - location de skis, Alpe de Siusi","og_description":"Louez un d\u00e9p\u00f4t \u00e0 skis \u00e0 Siusi ou sur l\u2019Alpe de Siusi. Le d\u00e9p\u00f4t \u00e0 skis de notre magasin de Siusi se trouve directement sur l\u2019Alpe de Siusi, plus pr\u00e9cis\u00e9ment au niveau de la station d\u2019altitude du t\u00e9l\u00e9ph\u00e9rique Alpe de Siusi.","og_url":"https:\/\/www.kandk.bz\/fr\/depot\/","og_site_name":"K&amp;K Sports - noleggio sci e deposito, Alpe di Siusi","article_publisher":"https:\/\/www.facebook.com\/kandksport","article_modified_time":"2021-12-30T17:14:05+00:00","twitter_card":"summary_large_image","schema":{"@context":"https:\/\/schema.org","@graph":[{"@type":"WebPage","@id":"https:\/\/www.kandk.bz\/fr\/depot\/","url":"https:\/\/www.kandk.bz\/fr\/depot\/","name":"D\u00e9p\u00f4t - K&K Sports - location de skis, Alpe de Siusi","isPartOf":{"@id":"https:\/\/www.kandk.bz\/#website"},"datePublished":"2015-11-02T15:18:52+00:00","dateModified":"2021-12-30T17:14:05+00:00","description":"Louez un d\u00e9p\u00f4t \u00e0 skis \u00e0 Siusi ou sur l\u2019Alpe de Siusi. Le d\u00e9p\u00f4t \u00e0 skis de notre magasin de Siusi se trouve directement sur l\u2019Alpe de Siusi, plus pr\u00e9cis\u00e9ment au niveau de la station d\u2019altitude du t\u00e9l\u00e9ph\u00e9rique Alpe de Siusi.","inLanguage":"fr-FR","potentialAction":[{"@type":"ReadAction","target":["https:\/\/www.kandk.bz\/fr\/depot\/"]}]},{"@type":"WebSite","@id":"https:\/\/www.kandk.bz\/#website","url":"https:\/\/www.kandk.bz\/","name":"K&amp;K Sports - noleggio sci e deposito, Alpe di Siusi","description":"K&amp;K Sports - noleggio sci e deposito, Alpe di Siusi","potentialAction":[{"@type":"SearchAction","target":{"@type":"EntryPoint","urlTemplate":"https:\/\/www.kandk.bz\/?s={search_term_string}"},"query-input":{"@type":"PropertyValueSpecification","valueRequired":true,"valueName":"search_term_string"}}],"inLanguage":"fr-FR"}]}},"_links":{"self":[{"href":"https:\/\/www.kandk.bz\/fr\/wp-json\/wp\/v2\/pages\/5643","targetHints":{"allow":["GET"]}}],"collection":[{"href":"https:\/\/www.kandk.bz\/fr\/wp-json\/wp\/v2\/pages"}],"about":[{"href":"https:\/\/www.kandk.bz\/fr\/wp-json\/wp\/v2\/types\/page"}],"author":[{"embeddable":true,"href":"https:\/\/www.kandk.bz\/fr\/wp-json\/wp\/v2\/users\/3"}],"replies":[{"embeddable":true,"href":"https:\/\/www.kandk.bz\/fr\/wp-json\/wp\/v2\/comments?post=5643"}],"version-history":[{"count":5,"href":"https:\/\/www.kandk.bz\/fr\/wp-json\/wp\/v2\/pages\/5643\/revisions"}],"predecessor-version":[{"id":9393,"href":"https:\/\/www.kandk.bz\/fr\/wp-json\/wp\/v2\/pages\/5643\/revisions\/9393"}],"wp:attachment":[{"href":"https:\/\/www.kandk.bz\/fr\/wp-json\/wp\/v2\/media?parent=5643"}],"curies":[{"name":"wp","href":"https:\/\/api.w.org\/{rel}","templated":true}]}}