{"id":5285,"date":"2015-10-27T11:26:23","date_gmt":"2015-10-27T10:26:23","guid":{"rendered":"http:\/\/kandk.bz\/?page_id=5285"},"modified":"2021-12-27T06:50:48","modified_gmt":"2021-12-27T05:50:48","slug":"noleggio-sci","status":"publish","type":"page","link":"https:\/\/www.kandk.bz\/it\/noleggio\/noleggio-sci\/","title":{"rendered":"Noleggio sci all\u2019Alpe di Siusi"},"content":{"rendered":"<h2>K&amp;K Sports, il vostro punto di riferimento all&#8217;Alpe di Siusi per il noleggio sci<\/h2>\n<p><strong>Noleggiare gli sci non \u00e8 mai stato cos\u00ec facile<\/strong>\u00a0\u2013 a Siusi e all&#8217;Alpe di Siusi, presso K &amp; K Sports, il nostro centro di noleggio sci. Da noi troverete <strong>sci a noleggio<\/strong> per\u00a0<strong>sportivi esigenti<\/strong> e smaliziati, non importa se\u00a0<strong>principianti<\/strong>\u00a0o\u00a0<strong>avanzati<\/strong>. Il nostro centro di noleggio sci \u00e8 ideale per gli ospiti che soggiornano a <strong>Siusi<\/strong>, <strong>Castelrotto<\/strong>, <strong>Fi\u00e8 allo Sciliar<\/strong> e all&#8217;<strong>Alpe di Siusi<\/strong>. Da noi troverete solamente materiali delle marche pi\u00f9 rinomate, nuovissimi e della migliore qualit\u00e0! Noleggiamo anche qualunque tipo di attrezzatura per sport invernali e i relativi accessori.<\/p>\n<p>Le\u00a0<strong>racchette da sci<\/strong>\u00a0vengono naturalmente noleggiate gratuitamente; potete lasciare l&#8217;attrezzatura anche negli appositi\u00a0<u><a href=\"https:\/\/www.kandk.bz\/it\/deposito\/\">depositi sci<\/a><\/u>\u00a0direttamente presso le stazioni a monte o a valle della cabinovia Alpe di Siusi!<\/p>\n<h3>Perch\u00e9 noleggiare e non acquistare?<\/h3>\n<p>I motivi per\u00a0<strong>noleggiare gli sci all&#8217;Alpe di Siusi<\/strong> sono evidenti. Se noleggiate gli sci o l&#8217;attrezzatura sportiva invernale:<\/p>\n<ul>\n<li>Risparmiate <strong>benzina<\/strong>, in quanto decade la necessit\u00e0 di montare il portapacchi,<\/li>\n<li>Non \u00e8 pi\u00f9 necessario <strong>stipare<\/strong> la macchina con tutta l&#8217;attrezzatura,<\/li>\n<li>Risparmiate anche i <strong>costi di riparazione<\/strong>, in quanto dopo ciascun noleggio gli sci e gli snowboard vengono controllati, rettificati e sciolinati,<\/li>\n<li>Se le caratteristiche <strong>degli sci noleggiati<\/strong> non vi soddisfano, avete la possibilit\u00e0 di <strong>sostituirli<\/strong>.<\/li>\n<li>Ogni anno infine potrete usufruire dei <strong>modelli pi\u00f9 recenti<\/strong>, risparmiando denaro sonante!<\/li>\n<\/ul>\n<h3>K &amp; K Sports, il centro di noleggio sci dell&#8217;Alpe di Siusi<\/h3>\n<p><strong>Noleggio sci K &amp; K Sports<\/strong>, il noleggio di attrezzature sportive invernali e accessori all&#8217;Alpe di Siusi: il nostro centro di noleggio sci a Siusi propone una vastissima gamma di attrezzature sportive invernali di tutte le principali marche, sia che si tratti di sci da carving o di\u00a0<u><a href=\"https:\/\/www.kandk.bz\/it\/noleggio\/bob-e-slitte\/\">attrezzature per slittino<\/a><\/u> e per\u00a0<u><a href=\"https:\/\/www.kandk.bz\/it\/noleggio\/noleggio-sci-fondo\/\">sci di fondo<\/a><\/u>!<\/p>\n<h4>Perch\u00e9 noleggiare gli sci proprio da K&amp;K Sports?<\/h4>\n<p>Ecco perch\u00e9 vale la pena noleggiare gli sci da noi:<\/p>\n<ul>\n<li>Grandissimo<strong> know-how<\/strong> grazie all&#8217;esperienza pluriennale acquisita,<\/li>\n<li>Presso i nostri centri troverete un&#8217;enorme scelta di sci da carving, snowboard e sci di fondo su di una superficie di <strong>1.500 m\u00b2<\/strong>,<\/li>\n<li><strong>Collaboratori estremamente qualificati,<\/strong> cortesi e competenti,<\/li>\n<li><strong>Numerose sedi<\/strong>. Potete restituire l&#8217;attrezzatura noleggiata in qualsiasi nostra sede,<\/li>\n<li>I nostri punti di noleggio sci si trovano in posizione molto comoda, direttamente presso le <strong>stazioni a valle<\/strong> e <strong>a monte<\/strong> della cabinovia Alpe di Siusi, e presso la fermata dell&#8217;autobus a Compatsch all&#8217;Alpe di Siusi,<\/li>\n<li>I nostri sci e snowboard di noleggio vengono sostituiti regolarmente con <strong>nuovi modelli<\/strong>,<\/li>\n<li><strong>Rapido check-in<\/strong> ai nostri terminal self-service.<\/li>\n<\/ul>\n<h4>Noleggiamo attrezzature perfettamente\u00a0preparate<\/h4>\n<p>Prima di essere noleggiati, gli sci, gli snowboard e gli sci di fondo vengono perfettamente preparati. Vengono infatti sciolinati e rettificati: solo dopo un attento lavoro di <strong><u><a href=\"https:\/\/www.kandk.bz\/it\/servizio-assistenza\/ski-boardservice\/\">manutenzione<\/a><\/u><\/strong> nel nostro centro di noleggio sci sull&#8217;<strong>Alpe di Siusi<\/strong> andare sugli sci o sullo snowboard sar\u00e0 ancora pi\u00f9 divertente. Gli scarponi vengono disinfettati e controllati per garantire la loro piena funzionalit\u00e0. Presso i nostri punti di noleggio noleggiamo per\u00f2 anche caschetti ed altri accessori.<\/p>\n<h3>Lasciate comodamente la vostra attrezzatura sciistica in loco all&#8217;Alpe di Siusi.<\/h3>\n<p>Potrete usufruire dei nostri\u00a0<u><a href=\"https:\/\/www.kandk.bz\/it\/deposito\/\">depositi<\/a><\/u>\u00a0ubicati presso le <u><a href=\"https:\/\/www.kandk.bz\/it\/posizione\/\">stazioni a valle\u00a0e a monte della cabinovia Alpe di Siusi<\/a><\/u>,\u00a0e lasciare in loco la vostra attrezzatura. Gli armadietti sono concepiti per 2 o 5 paia di sci e gli accessori. I depositi sono riscaldati e garantiscono quindi che gli scarponi da sci e da snowboard rimangano caldi e asciutti.<\/p>\n<h4>La combinazione ideale per gli sciatori dell\u2019Alpe di Siusi: noleggio e deposito sci<\/h4>\n<p>Scegliete il pacchetto tutto compreso con tutta l&#8217;attrezzatura necessaria e il deposito, e godetevi le vacanze gi\u00e0 prima che abbiano inizio. Non dovrete pi\u00f9 preoccuparvi della loro preparazione e del loro trasporto. Meglio ancora: noleggiate per tempo online l&#8217;attrezzatura necessaria e il deposito pi\u00f9 comodo presso uno dei nostri punti di noleggio sci K&amp;K Sports, a Siusi o all&#8217;Alpe di Siusi.<\/p>\n<p><a class=\"link-weiter\" href=\"https:\/\/www.kandk.bz\/it\/prenota-online\/\">Sci con o senza deposito: prenotare online &gt;&gt;<\/a><\/p>\n","protected":false},"excerpt":{"rendered":"<p>K&amp;K Sports, il vostro punto di riferimento all&#8217;Alpe di Siusi per il noleggio sci Noleggiare gli sci non \u00e8 mai stato cos\u00ec facile\u00a0\u2013 a Siusi e all&#8217;Alpe di Siusi, presso K &amp; K Sports, il nostro centro di noleggio sci. Da noi troverete sci a noleggio per\u00a0sportivi esigenti e smaliziati, non importa se\u00a0principianti\u00a0o\u00a0avanzati. Il nostro [&hellip;]<\/p>\n","protected":false},"author":3,"featured_media":7894,"parent":5243,"menu_order":10,"comment_status":"closed","ping_status":"closed","template":"","meta":{"_acf_changed":false,"footnotes":""},"class_list":["post-5285","page","type-page","status-publish","has-post-thumbnail","hentry"],"acf":[],"yoast_head":"<!-- This site is optimized with the Yoast SEO plugin v27.0 - https:\/\/yoast.com\/product\/yoast-seo-wordpress\/ -->\n<title>Noleggio sci e deposito - K&amp;K Sports: Alpe di Siusi<\/title>\n<meta name=\"description\" content=\"Noleggio Sci e Snowboard, Alpe di Siusi. K&amp;K Sports, il noleggio sci sull\u2019Alpe di Siusi per attrezzature sportive invernali e accessori.\" \/>\n<meta name=\"robots\" content=\"index, follow, max-snippet:-1, max-image-preview:large, max-video-preview:-1\" \/>\n<link rel=\"canonical\" href=\"https:\/\/www.kandk.bz\/it\/noleggio\/noleggio-sci\/\" \/>\n<meta property=\"og:locale\" content=\"it_IT\" \/>\n<meta property=\"og:type\" content=\"article\" \/>\n<meta property=\"og:title\" content=\"Noleggio sci e deposito - K&amp;K Sports: Alpe di Siusi\" \/>\n<meta property=\"og:description\" content=\"Noleggio Sci e Snowboard, Alpe di Siusi. K&amp;K Sports, il noleggio sci sull\u2019Alpe di Siusi per attrezzature sportive invernali e accessori.\" \/>\n<meta property=\"og:url\" content=\"https:\/\/www.kandk.bz\/it\/noleggio\/noleggio-sci\/\" \/>\n<meta property=\"og:site_name\" content=\"K&amp;K Sports - noleggio sci e deposito, Alpe di Siusi\" \/>\n<meta property=\"article:publisher\" content=\"https:\/\/www.facebook.com\/kandksport\" \/>\n<meta property=\"article:modified_time\" content=\"2021-12-27T05:50:48+00:00\" \/>\n<meta property=\"og:image\" content=\"https:\/\/www.kandk.bz\/wp-content\/uploads\/ski_alpin.jpg\" \/>\n\t<meta property=\"og:image:width\" content=\"324\" \/>\n\t<meta property=\"og:image:height\" content=\"324\" \/>\n\t<meta property=\"og:image:type\" content=\"image\/jpeg\" \/>\n<meta name=\"twitter:card\" content=\"summary_large_image\" \/>\n<meta name=\"twitter:label1\" content=\"Tempo di lettura stimato\" \/>\n\t<meta name=\"twitter:data1\" content=\"3 minuti\" \/>\n<script type=\"application\/ld+json\" class=\"yoast-schema-graph\">{\"@context\":\"https:\/\/schema.org\",\"@graph\":[{\"@type\":\"WebPage\",\"@id\":\"https:\/\/www.kandk.bz\/it\/noleggio\/noleggio-sci\/\",\"url\":\"https:\/\/www.kandk.bz\/it\/noleggio\/noleggio-sci\/\",\"name\":\"Noleggio sci e deposito - K&K Sports: Alpe di Siusi\",\"isPartOf\":{\"@id\":\"https:\/\/www.kandk.bz\/#website\"},\"primaryImageOfPage\":{\"@id\":\"https:\/\/www.kandk.bz\/it\/noleggio\/noleggio-sci\/#primaryimage\"},\"image\":{\"@id\":\"https:\/\/www.kandk.bz\/it\/noleggio\/noleggio-sci\/#primaryimage\"},\"thumbnailUrl\":\"https:\/\/www.kandk.bz\/wp-content\/uploads\/ski_alpin.jpg\",\"datePublished\":\"2015-10-27T10:26:23+00:00\",\"dateModified\":\"2021-12-27T05:50:48+00:00\",\"description\":\"Noleggio Sci e Snowboard, Alpe di Siusi. K&K Sports, il noleggio sci sull\u2019Alpe di Siusi per attrezzature sportive invernali e accessori.\",\"breadcrumb\":{\"@id\":\"https:\/\/www.kandk.bz\/it\/noleggio\/noleggio-sci\/#breadcrumb\"},\"inLanguage\":\"it-IT\",\"potentialAction\":[{\"@type\":\"ReadAction\",\"target\":[\"https:\/\/www.kandk.bz\/it\/noleggio\/noleggio-sci\/\"]}]},{\"@type\":\"ImageObject\",\"inLanguage\":\"it-IT\",\"@id\":\"https:\/\/www.kandk.bz\/it\/noleggio\/noleggio-sci\/#primaryimage\",\"url\":\"https:\/\/www.kandk.bz\/wp-content\/uploads\/ski_alpin.jpg\",\"contentUrl\":\"https:\/\/www.kandk.bz\/wp-content\/uploads\/ski_alpin.jpg\",\"width\":324,\"height\":324,\"caption\":\"CREATOR: gd-jpeg v1.0 (using IJG JPEG v62), quality = 80\"},{\"@type\":\"BreadcrumbList\",\"@id\":\"https:\/\/www.kandk.bz\/it\/noleggio\/noleggio-sci\/#breadcrumb\",\"itemListElement\":[{\"@type\":\"ListItem\",\"position\":1,\"name\":\"Noleggio\",\"item\":\"https:\/\/www.kandk.bz\/it\/noleggio\/\"},{\"@type\":\"ListItem\",\"position\":2,\"name\":\"Noleggio sci all\u2019Alpe di Siusi\"}]},{\"@type\":\"WebSite\",\"@id\":\"https:\/\/www.kandk.bz\/#website\",\"url\":\"https:\/\/www.kandk.bz\/\",\"name\":\"K&amp;K Sports - noleggio sci e deposito, Alpe di Siusi\",\"description\":\"K&amp;K Sports - noleggio sci e deposito, Alpe di Siusi\",\"potentialAction\":[{\"@type\":\"SearchAction\",\"target\":{\"@type\":\"EntryPoint\",\"urlTemplate\":\"https:\/\/www.kandk.bz\/?s={search_term_string}\"},\"query-input\":{\"@type\":\"PropertyValueSpecification\",\"valueRequired\":true,\"valueName\":\"search_term_string\"}}],\"inLanguage\":\"it-IT\"}]}<\/script>\n<!-- \/ Yoast SEO plugin. -->","yoast_head_json":{"title":"Noleggio sci e deposito - K&K Sports: Alpe di Siusi","description":"Noleggio Sci e Snowboard, Alpe di Siusi. K&K Sports, il noleggio sci sull\u2019Alpe di Siusi per attrezzature sportive invernali e accessori.","robots":{"index":"index","follow":"follow","max-snippet":"max-snippet:-1","max-image-preview":"max-image-preview:large","max-video-preview":"max-video-preview:-1"},"canonical":"https:\/\/www.kandk.bz\/it\/noleggio\/noleggio-sci\/","og_locale":"it_IT","og_type":"article","og_title":"Noleggio sci e deposito - K&K Sports: Alpe di Siusi","og_description":"Noleggio Sci e Snowboard, Alpe di Siusi. K&K Sports, il noleggio sci sull\u2019Alpe di Siusi per attrezzature sportive invernali e accessori.","og_url":"https:\/\/www.kandk.bz\/it\/noleggio\/noleggio-sci\/","og_site_name":"K&amp;K Sports - noleggio sci e deposito, Alpe di Siusi","article_publisher":"https:\/\/www.facebook.com\/kandksport","article_modified_time":"2021-12-27T05:50:48+00:00","og_image":[{"width":324,"height":324,"url":"https:\/\/www.kandk.bz\/wp-content\/uploads\/ski_alpin.jpg","type":"image\/jpeg"}],"twitter_card":"summary_large_image","twitter_misc":{"Tempo di lettura stimato":"3 minuti"},"schema":{"@context":"https:\/\/schema.org","@graph":[{"@type":"WebPage","@id":"https:\/\/www.kandk.bz\/it\/noleggio\/noleggio-sci\/","url":"https:\/\/www.kandk.bz\/it\/noleggio\/noleggio-sci\/","name":"Noleggio sci e deposito - K&K Sports: Alpe di Siusi","isPartOf":{"@id":"https:\/\/www.kandk.bz\/#website"},"primaryImageOfPage":{"@id":"https:\/\/www.kandk.bz\/it\/noleggio\/noleggio-sci\/#primaryimage"},"image":{"@id":"https:\/\/www.kandk.bz\/it\/noleggio\/noleggio-sci\/#primaryimage"},"thumbnailUrl":"https:\/\/www.kandk.bz\/wp-content\/uploads\/ski_alpin.jpg","datePublished":"2015-10-27T10:26:23+00:00","dateModified":"2021-12-27T05:50:48+00:00","description":"Noleggio Sci e Snowboard, Alpe di Siusi. K&K Sports, il noleggio sci sull\u2019Alpe di Siusi per attrezzature sportive invernali e accessori.","breadcrumb":{"@id":"https:\/\/www.kandk.bz\/it\/noleggio\/noleggio-sci\/#breadcrumb"},"inLanguage":"it-IT","potentialAction":[{"@type":"ReadAction","target":["https:\/\/www.kandk.bz\/it\/noleggio\/noleggio-sci\/"]}]},{"@type":"ImageObject","inLanguage":"it-IT","@id":"https:\/\/www.kandk.bz\/it\/noleggio\/noleggio-sci\/#primaryimage","url":"https:\/\/www.kandk.bz\/wp-content\/uploads\/ski_alpin.jpg","contentUrl":"https:\/\/www.kandk.bz\/wp-content\/uploads\/ski_alpin.jpg","width":324,"height":324,"caption":"CREATOR: gd-jpeg v1.0 (using IJG JPEG v62), quality = 80"},{"@type":"BreadcrumbList","@id":"https:\/\/www.kandk.bz\/it\/noleggio\/noleggio-sci\/#breadcrumb","itemListElement":[{"@type":"ListItem","position":1,"name":"Noleggio","item":"https:\/\/www.kandk.bz\/it\/noleggio\/"},{"@type":"ListItem","position":2,"name":"Noleggio sci all\u2019Alpe di Siusi"}]},{"@type":"WebSite","@id":"https:\/\/www.kandk.bz\/#website","url":"https:\/\/www.kandk.bz\/","name":"K&amp;K Sports - noleggio sci e deposito, Alpe di Siusi","description":"K&amp;K Sports - noleggio sci e deposito, Alpe di Siusi","potentialAction":[{"@type":"SearchAction","target":{"@type":"EntryPoint","urlTemplate":"https:\/\/www.kandk.bz\/?s={search_term_string}"},"query-input":{"@type":"PropertyValueSpecification","valueRequired":true,"valueName":"search_term_string"}}],"inLanguage":"it-IT"}]}},"_links":{"self":[{"href":"https:\/\/www.kandk.bz\/it\/wp-json\/wp\/v2\/pages\/5285","targetHints":{"allow":["GET"]}}],"collection":[{"href":"https:\/\/www.kandk.bz\/it\/wp-json\/wp\/v2\/pages"}],"about":[{"href":"https:\/\/www.kandk.bz\/it\/wp-json\/wp\/v2\/types\/page"}],"author":[{"embeddable":true,"href":"https:\/\/www.kandk.bz\/it\/wp-json\/wp\/v2\/users\/3"}],"replies":[{"embeddable":true,"href":"https:\/\/www.kandk.bz\/it\/wp-json\/wp\/v2\/comments?post=5285"}],"version-history":[{"count":10,"href":"https:\/\/www.kandk.bz\/it\/wp-json\/wp\/v2\/pages\/5285\/revisions"}],"predecessor-version":[{"id":9286,"href":"https:\/\/www.kandk.bz\/it\/wp-json\/wp\/v2\/pages\/5285\/revisions\/9286"}],"up":[{"embeddable":true,"href":"https:\/\/www.kandk.bz\/it\/wp-json\/wp\/v2\/pages\/5243"}],"wp:featuredmedia":[{"embeddable":true,"href":"https:\/\/www.kandk.bz\/it\/wp-json\/wp\/v2\/media\/7894"}],"wp:attachment":[{"href":"https:\/\/www.kandk.bz\/it\/wp-json\/wp\/v2\/media?parent=5285"}],"curies":[{"name":"wp","href":"https:\/\/api.w.org\/{rel}","templated":true}]}}