{"id":5345,"date":"2015-10-27T12:40:29","date_gmt":"2015-10-27T11:40:29","guid":{"rendered":"http:\/\/kandk.bz\/?page_id=5345"},"modified":"2021-12-28T06:37:11","modified_gmt":"2021-12-28T05:37:11","slug":"shopping","status":"publish","type":"page","link":"https:\/\/www.kandk.bz\/it\/shopping\/","title":{"rendered":"Shopping"},"content":{"rendered":"<h2>Articoli sportivi a Siusi allo Sciliar e Alpe di Siusi<\/h2>\n<div class=\"textItem\">Non solo il miglior <a title=\"servizio sci - Servizio sci a Siusi. Servizio snowboard sull\u2019Alpe di Siusi, servizio sci\" href=\"https:\/\/www.kandk.bz\/it\/servizio-assistenza\/\">servizio sci<\/a> e <a title=\"servizio snowboard - Servizio sci a Siusi. Servizio snowboard sull\u2019Alpe di Siusi, servizio sci\" href=\"https:\/\/www.kandk.bz\/it\/servizio-assistenza\/snowboard\/\">servizio snowboard<\/a> a Siusi nelle immediate vicinanze dell\u2019Alpe di Siusi: il servizio sci K &amp; K Sports a Siusi allo Sciliar offre anche una ricca offerta per acquistare attrezzature invernali delle migliori marche!<\/div>\n<p><a class=\"link-weiter\" href=\"https:\/\/www.kandk.bz\/it\/shopping\/shopping-inverno\/\">Shopping Inverno &gt;&gt;<\/a><\/p>\n<h2>Shopping &#8211; Estate<\/h2>\n<div class=\"textItem\">\n<p>Finalmente estate! Ora \u00e8 il momento di andare alla scoperta delle bellezze dell\u2019Alpe di Siusi in occasione di bellissime escursioni. Per essere sempre sicuri e protetti, potete rivolgervi a noi e dotarvi dell\u2019attrezzatura adeguata \u2013 scarponcini da escursione, zaini, abbigliamento sportivo e molto di pi\u00f9 con le marche pi\u00f9 rinomate. E tutto questo direttamente sull\u2019Alpe di Siusi!<\/p>\n<\/div>\n<p><a class=\"link-weiter\" href=\"https:\/\/www.kandk.bz\/it\/shopping\/shopping-estate\/\">Shopping Estate &gt;&gt;<\/a><\/p>\n<h2>Le nostre marche<\/h2>\n<p>Le migliori marche di sci non solo sull\u2019Alpe di Siusi! Il nostro <a title=\"affitto sci - Noleggiare gli sci a Siusi, presso il noleggio sci K &amp; K Sports\" href=\"https:\/\/www.kandk.bz\/it\/noleggio\/noleggio-sci\/\">affitto sci<\/a>\u00a0(<a title=\"affitto sci - Noleggiare gli sci a Siusi, presso il noleggio sci K &amp; K Sports\" href=\"https:\/\/www.kandk.bz\/it\/noleggio\/noleggio-sci\/\">noleggio<\/a> &amp; <a title=\"vendita - Servizio sci a Siusi. Servizio snowboard sull\u2019Alpe di Siusi, servizio sci\" href=\"https:\/\/www.kandk.bz\/it\/shopping\/shopping-inverno\/\">vendita<\/a>) a Siusi offre le marche di sci pi\u00f9 attuali e moderne per il noleggio sci e la vendita. Potete affittare gli sci pi\u00f9 moderni da K &amp; K Sports, la scelta migliore delle marche di sci pi\u00f9 prestigiose sull\u2019Alpe di Siusi.<\/p>\n<p><a class=\"link-weiter\" href=\"https:\/\/www.kandk.bz\/it\/shopping\/marche\/\">Marche &gt;&gt;<\/a><\/p>\n","protected":false},"excerpt":{"rendered":"<p>Articoli sportivi a Siusi allo Sciliar e Alpe di Siusi Non solo il miglior servizio sci e servizio snowboard a Siusi nelle immediate vicinanze dell\u2019Alpe di Siusi: il servizio sci K &amp; K Sports a Siusi allo Sciliar offre anche una ricca offerta per acquistare attrezzature invernali delle migliori marche! Shopping Inverno &gt;&gt; Shopping &#8211; [&hellip;]<\/p>\n","protected":false},"author":3,"featured_media":8130,"parent":0,"menu_order":70,"comment_status":"closed","ping_status":"closed","template":"","meta":{"_acf_changed":false,"footnotes":""},"class_list":["post-5345","page","type-page","status-publish","has-post-thumbnail","hentry"],"acf":[],"yoast_head":"<!-- This site is optimized with the Yoast SEO plugin v27.0 - https:\/\/yoast.com\/product\/yoast-seo-wordpress\/ -->\n<title>Shopping - K&amp;K Sports - noleggio sci e deposito, Alpe di Siusi<\/title>\n<meta name=\"description\" content=\"Il servizio sci K &amp; K Sports a Siusi allo Sciliar offre anche una ricca offerta per lo shopping di attrezzature invernali delle migliori marche!\" \/>\n<meta name=\"robots\" content=\"index, follow, max-snippet:-1, max-image-preview:large, max-video-preview:-1\" \/>\n<link rel=\"canonical\" href=\"https:\/\/www.kandk.bz\/it\/shopping\/\" \/>\n<meta property=\"og:locale\" content=\"it_IT\" \/>\n<meta property=\"og:type\" content=\"article\" \/>\n<meta property=\"og:title\" content=\"Shopping - K&amp;K Sports - noleggio sci e deposito, Alpe di Siusi\" \/>\n<meta property=\"og:description\" content=\"Il servizio sci K &amp; K Sports a Siusi allo Sciliar offre anche una ricca offerta per lo shopping di attrezzature invernali delle migliori marche!\" \/>\n<meta property=\"og:url\" content=\"https:\/\/www.kandk.bz\/it\/shopping\/\" \/>\n<meta property=\"og:site_name\" content=\"K&amp;K Sports - noleggio sci e deposito, Alpe di Siusi\" \/>\n<meta property=\"article:publisher\" content=\"https:\/\/www.facebook.com\/kandksport\" \/>\n<meta property=\"article:modified_time\" content=\"2021-12-28T05:37:11+00:00\" \/>\n<meta property=\"og:image\" content=\"https:\/\/www.kandk.bz\/wp-content\/uploads\/on.jpg\" \/>\n\t<meta property=\"og:image:width\" content=\"300\" \/>\n\t<meta property=\"og:image:height\" content=\"300\" \/>\n\t<meta property=\"og:image:type\" content=\"image\/jpeg\" \/>\n<meta name=\"twitter:card\" content=\"summary_large_image\" \/>\n<meta name=\"twitter:label1\" content=\"Tempo di lettura stimato\" \/>\n\t<meta name=\"twitter:data1\" content=\"1 minuto\" \/>\n<script type=\"application\/ld+json\" class=\"yoast-schema-graph\">{\"@context\":\"https:\/\/schema.org\",\"@graph\":[{\"@type\":\"WebPage\",\"@id\":\"https:\/\/www.kandk.bz\/it\/shopping\/\",\"url\":\"https:\/\/www.kandk.bz\/it\/shopping\/\",\"name\":\"Shopping - K&amp;K Sports - noleggio sci e deposito, Alpe di Siusi\",\"isPartOf\":{\"@id\":\"https:\/\/www.kandk.bz\/#website\"},\"primaryImageOfPage\":{\"@id\":\"https:\/\/www.kandk.bz\/it\/shopping\/#primaryimage\"},\"image\":{\"@id\":\"https:\/\/www.kandk.bz\/it\/shopping\/#primaryimage\"},\"thumbnailUrl\":\"https:\/\/www.kandk.bz\/wp-content\/uploads\/on.jpg\",\"datePublished\":\"2015-10-27T11:40:29+00:00\",\"dateModified\":\"2021-12-28T05:37:11+00:00\",\"description\":\"Il servizio sci K & K Sports a Siusi allo Sciliar offre anche una ricca offerta per lo shopping di attrezzature invernali delle migliori marche!\",\"inLanguage\":\"it-IT\",\"potentialAction\":[{\"@type\":\"ReadAction\",\"target\":[\"https:\/\/www.kandk.bz\/it\/shopping\/\"]}]},{\"@type\":\"ImageObject\",\"inLanguage\":\"it-IT\",\"@id\":\"https:\/\/www.kandk.bz\/it\/shopping\/#primaryimage\",\"url\":\"https:\/\/www.kandk.bz\/wp-content\/uploads\/on.jpg\",\"contentUrl\":\"https:\/\/www.kandk.bz\/wp-content\/uploads\/on.jpg\",\"width\":300,\"height\":300},{\"@type\":\"WebSite\",\"@id\":\"https:\/\/www.kandk.bz\/#website\",\"url\":\"https:\/\/www.kandk.bz\/\",\"name\":\"K&amp;K Sports - noleggio sci e deposito, Alpe di Siusi\",\"description\":\"K&amp;K Sports - noleggio sci e deposito, Alpe di Siusi\",\"potentialAction\":[{\"@type\":\"SearchAction\",\"target\":{\"@type\":\"EntryPoint\",\"urlTemplate\":\"https:\/\/www.kandk.bz\/?s={search_term_string}\"},\"query-input\":{\"@type\":\"PropertyValueSpecification\",\"valueRequired\":true,\"valueName\":\"search_term_string\"}}],\"inLanguage\":\"it-IT\"}]}<\/script>\n<!-- \/ Yoast SEO plugin. -->","yoast_head_json":{"title":"Shopping - K&amp;K Sports - noleggio sci e deposito, Alpe di Siusi","description":"Il servizio sci K & K Sports a Siusi allo Sciliar offre anche una ricca offerta per lo shopping di attrezzature invernali delle migliori marche!","robots":{"index":"index","follow":"follow","max-snippet":"max-snippet:-1","max-image-preview":"max-image-preview:large","max-video-preview":"max-video-preview:-1"},"canonical":"https:\/\/www.kandk.bz\/it\/shopping\/","og_locale":"it_IT","og_type":"article","og_title":"Shopping - K&amp;K Sports - noleggio sci e deposito, Alpe di Siusi","og_description":"Il servizio sci K & K Sports a Siusi allo Sciliar offre anche una ricca offerta per lo shopping di attrezzature invernali delle migliori marche!","og_url":"https:\/\/www.kandk.bz\/it\/shopping\/","og_site_name":"K&amp;K Sports - noleggio sci e deposito, Alpe di Siusi","article_publisher":"https:\/\/www.facebook.com\/kandksport","article_modified_time":"2021-12-28T05:37:11+00:00","og_image":[{"width":300,"height":300,"url":"https:\/\/www.kandk.bz\/wp-content\/uploads\/on.jpg","type":"image\/jpeg"}],"twitter_card":"summary_large_image","twitter_misc":{"Tempo di lettura stimato":"1 minuto"},"schema":{"@context":"https:\/\/schema.org","@graph":[{"@type":"WebPage","@id":"https:\/\/www.kandk.bz\/it\/shopping\/","url":"https:\/\/www.kandk.bz\/it\/shopping\/","name":"Shopping - K&amp;K Sports - noleggio sci e deposito, Alpe di Siusi","isPartOf":{"@id":"https:\/\/www.kandk.bz\/#website"},"primaryImageOfPage":{"@id":"https:\/\/www.kandk.bz\/it\/shopping\/#primaryimage"},"image":{"@id":"https:\/\/www.kandk.bz\/it\/shopping\/#primaryimage"},"thumbnailUrl":"https:\/\/www.kandk.bz\/wp-content\/uploads\/on.jpg","datePublished":"2015-10-27T11:40:29+00:00","dateModified":"2021-12-28T05:37:11+00:00","description":"Il servizio sci K & K Sports a Siusi allo Sciliar offre anche una ricca offerta per lo shopping di attrezzature invernali delle migliori marche!","inLanguage":"it-IT","potentialAction":[{"@type":"ReadAction","target":["https:\/\/www.kandk.bz\/it\/shopping\/"]}]},{"@type":"ImageObject","inLanguage":"it-IT","@id":"https:\/\/www.kandk.bz\/it\/shopping\/#primaryimage","url":"https:\/\/www.kandk.bz\/wp-content\/uploads\/on.jpg","contentUrl":"https:\/\/www.kandk.bz\/wp-content\/uploads\/on.jpg","width":300,"height":300},{"@type":"WebSite","@id":"https:\/\/www.kandk.bz\/#website","url":"https:\/\/www.kandk.bz\/","name":"K&amp;K Sports - noleggio sci e deposito, Alpe di Siusi","description":"K&amp;K Sports - noleggio sci e deposito, Alpe di Siusi","potentialAction":[{"@type":"SearchAction","target":{"@type":"EntryPoint","urlTemplate":"https:\/\/www.kandk.bz\/?s={search_term_string}"},"query-input":{"@type":"PropertyValueSpecification","valueRequired":true,"valueName":"search_term_string"}}],"inLanguage":"it-IT"}]}},"_links":{"self":[{"href":"https:\/\/www.kandk.bz\/it\/wp-json\/wp\/v2\/pages\/5345","targetHints":{"allow":["GET"]}}],"collection":[{"href":"https:\/\/www.kandk.bz\/it\/wp-json\/wp\/v2\/pages"}],"about":[{"href":"https:\/\/www.kandk.bz\/it\/wp-json\/wp\/v2\/types\/page"}],"author":[{"embeddable":true,"href":"https:\/\/www.kandk.bz\/it\/wp-json\/wp\/v2\/users\/3"}],"replies":[{"embeddable":true,"href":"https:\/\/www.kandk.bz\/it\/wp-json\/wp\/v2\/comments?post=5345"}],"version-history":[{"count":8,"href":"https:\/\/www.kandk.bz\/it\/wp-json\/wp\/v2\/pages\/5345\/revisions"}],"predecessor-version":[{"id":9320,"href":"https:\/\/www.kandk.bz\/it\/wp-json\/wp\/v2\/pages\/5345\/revisions\/9320"}],"wp:featuredmedia":[{"embeddable":true,"href":"https:\/\/www.kandk.bz\/it\/wp-json\/wp\/v2\/media\/8130"}],"wp:attachment":[{"href":"https:\/\/www.kandk.bz\/it\/wp-json\/wp\/v2\/media?parent=5345"}],"curies":[{"name":"wp","href":"https:\/\/api.w.org\/{rel}","templated":true}]}}