{"id":5349,"date":"2015-10-27T12:51:08","date_gmt":"2015-10-27T11:51:08","guid":{"rendered":"http:\/\/kandk.bz\/?page_id=5349"},"modified":"2025-11-19T09:10:45","modified_gmt":"2025-11-19T08:10:45","slug":"marche","status":"publish","type":"page","link":"https:\/\/www.kandk.bz\/it\/shopping\/marche\/","title":{"rendered":"Marche"},"content":{"rendered":"<p>Le migliori marche di sci non solo sull\u2019Alpe di Siusi! Il nostro <a title=\"affitto sci - Noleggiare gli sci a Siusi, presso il noleggio sci K &amp; K Sports\" href=\"https:\/\/www.kandk.bz\/it\/noleggio\/noleggio-sci\/\">affitto sci<\/a>\u00a0(<a title=\"affitto sci - Noleggiare gli sci a Siusi, presso il noleggio sci K &amp; K Sports\" href=\"https:\/\/www.kandk.bz\/it\/noleggio\/noleggio-sci\/\">noleggio<\/a> &amp; <a title=\"vendita - Servizio sci a Siusi. Servizio snowboard sull\u2019Alpe di Siusi, servizio sci\" href=\"https:\/\/www.kandk.bz\/it\/shopping\/shopping-inverno\/\">vendita<\/a>) a Siusi offre le marche di sci pi\u00f9 attuali e moderne per il noleggio sci e la vendita. Potete affittare gli sci pi\u00f9 moderni da K &amp; K Sports, la scelta migliore delle marche di sci pi\u00f9 prestigiose sull\u2019Alpe di Siusi.<\/p>\n<div class=\"textItem\"><\/div>\n<div class=\"textItem\">\n<div class=\"textItem\">\n<table class=\"n_links\" border=\"0\" cellspacing=\"0\" cellpadding=\"0\">\n<tbody>\n<tr class=\"tab_header\">\n<td colspan=\"2\"><b>Sci<\/b><\/td>\n<\/tr>\n<tr>\n<td width=\"50%\">Armada<\/td>\n<td><a href=\"http:\/\/www.armadaskis.com\/en-it\" target=\"_blank\" rel=\"noopener noreferrer\">www.armadaskis.com<\/a><\/td>\n<\/tr>\n<tr>\n<td>Atomic Ski<\/td>\n<td><a href=\"https:\/\/www.atomic.com\/\" target=\"_blank\" rel=\"noopener noreferrer\">www.atomic.com<\/a><\/td>\n<\/tr>\n<tr>\n<td>Blizzard<\/td>\n<td><a href=\"http:\/\/www.blizzard-ski.com\" target=\"_blank\" rel=\"noopener noreferrer\">www.blizzard-ski.com<\/a><\/td>\n<\/tr>\n<tr>\n<td>Fischer<\/td>\n<td><a href=\"https:\/\/www.fischersports.com\/\" target=\"_blank\" rel=\"noopener noreferrer\">www.fischersports.com<\/a><\/td>\n<\/tr>\n<tr>\n<td>Head<\/td>\n<td><a href=\"http:\/\/www.head.com\/\" target=\"_blank\" rel=\"noopener noreferrer\">www.head.com<\/a><\/td>\n<\/tr>\n<tr>\n<td>K2<\/td>\n<td><a href=\"http:\/\/k2skis.com\/\" target=\"_blank\" rel=\"noopener noreferrer\">www.k2skis.com<\/a><\/td>\n<\/tr>\n<tr>\n<td>K\u00e4stle<\/td>\n<td><a href=\"http:\/\/www.kaestle-ski.com\" target=\"_blank\" rel=\"noopener noreferrer\">www.kaestle-ski.com<\/a><\/td>\n<\/tr>\n<tr>\n<td>Nordica<\/td>\n<td><a href=\"http:\/\/www.nordica.com\" target=\"_blank\" rel=\"noopener noreferrer\">www.nordica.com<\/a><\/td>\n<\/tr>\n<tr>\n<td>Salomon<\/td>\n<td><a href=\"https:\/\/www.salomon.com\" target=\"_blank\" rel=\"noopener noreferrer\">www.salomon.com<\/a><\/td>\n<\/tr>\n<tr>\n<td>St\u00f6ckli<\/td>\n<td><a href=\"http:\/\/www.stoeckli.ch\" target=\"_blank\" rel=\"noopener noreferrer\">www.stoeckli.ch<\/a><\/td>\n<\/tr>\n<tr>\n<td>Volant<\/td>\n<td><a href=\"http:\/\/www.volantski.com\" target=\"_blank\" rel=\"noopener noreferrer\">www.volantski.com<\/a><\/td>\n<\/tr>\n<tr>\n<td>V\u00f6lkl<\/td>\n<td><a href=\"http:\/\/www.voelkl.com\" target=\"_blank\" rel=\"noopener noreferrer\">www.voelkl.com<\/a><\/td>\n<\/tr>\n<\/tbody>\n<\/table>\n<table class=\"n_links\" border=\"0\" cellspacing=\"0\" cellpadding=\"0\">\n<tbody>\n<tr class=\"tab_header\">\n<td colspan=\"2\"><b>Scarponi<\/b><\/td>\n<\/tr>\n<tr>\n<td width=\"50%\">Atomic Ski<\/td>\n<td><a href=\"https:\/\/www.atomic.com\/\" target=\"_blank\" rel=\"noopener noreferrer\">www.atomic.com<\/a><\/td>\n<\/tr>\n<tr>\n<td>Dalbello<\/td>\n<td><a href=\"http:\/\/www.dalbello.it\" target=\"_blank\" rel=\"noopener noreferrer\">www.dalbello.it<\/a><\/td>\n<\/tr>\n<tr>\n<td>Head<\/td>\n<td><a href=\"http:\/\/www.head.com\" target=\"_blank\" rel=\"noopener noreferrer\">www.head.com<\/a><\/td>\n<\/tr>\n<tr>\n<td>Nordica<\/td>\n<td><a href=\"http:\/\/www.nordica.com\" target=\"_blank\" rel=\"noopener noreferrer\">www.nordica.com<\/a><\/td>\n<\/tr>\n<tr>\n<td>Salomon<\/td>\n<td><a href=\"https:\/\/www.salomon.com\" target=\"_blank\" rel=\"noopener noreferrer\">www.salomon.com<\/a><\/td>\n<\/tr>\n<tr>\n<td>Tecnica<\/td>\n<td><a href=\"https:\/\/www.blizzard-tecnica.com\/global\/de\" target=\"_blank\" rel=\"noopener noreferrer\">www.tecnica.it<\/a><\/td>\n<\/tr>\n<\/tbody>\n<\/table>\n<table class=\"n_links\" border=\"0\" cellspacing=\"0\" cellpadding=\"0\">\n<tbody>\n<tr class=\"tab_header\">\n<td colspan=\"2\"><b>Fondo<\/b><\/td>\n<\/tr>\n<tr>\n<td width=\"50%\">Fischer<\/td>\n<td><a href=\"https:\/\/www.fischersports.com\/\" target=\"_blank\" rel=\"noopener noreferrer\">www.fischersports.com<\/a><\/td>\n<\/tr>\n<tr>\n<td>Salomon<\/td>\n<td><a href=\"https:\/\/www.salomon.com\" target=\"_blank\" rel=\"noopener noreferrer\">www.salomon.com<\/a><\/td>\n<\/tr>\n<\/tbody>\n<\/table>\n<table class=\"n_links\" border=\"0\" cellspacing=\"0\" cellpadding=\"0\">\n<tbody>\n<tr class=\"tab_header\">\n<td colspan=\"2\"><b>Snowboard<\/b><\/td>\n<\/tr>\n<tr>\n<td width=\"50%\">Burton<\/td>\n<td><a href=\"http:\/\/www.burton.com\/\" target=\"_blank\" rel=\"noopener noreferrer\">www.burton.com<\/a><\/td>\n<\/tr>\n<tr>\n<td>Nitro<\/td>\n<td><a href=\"http:\/\/www.nitrousa.com\/\" target=\"_blank\" rel=\"noopener noreferrer\">www.nitrousa.com<\/a><\/td>\n<\/tr>\n<\/tbody>\n<\/table>\n<p>&nbsp;<\/p>\n<table class=\"n_links\" border=\"0\" cellspacing=\"0\" cellpadding=\"0\">\n<tbody>\n<tr class=\"tab_header\">\n<td colspan=\"2\"><b>Accessori<\/b><\/td>\n<\/tr>\n<tr>\n<td>Alpina<\/td>\n<td><a href=\"http:\/\/www.alpina-sports.com\/\" target=\"_blank\" rel=\"noopener noreferrer\">www.alpina-sports.com<\/a><\/td>\n<\/tr>\n<tr>\n<td>Black Diamond<\/td>\n<td><a href=\"https:\/\/www.blackdiamondequipment.com\/\" target=\"_blank\" rel=\"noopener noreferrer\">www.blackdiamondequipment.com<\/a><\/td>\n<\/tr>\n<tr>\n<td>Buff<\/td>\n<td><a href=\"https:\/\/www.buff.com\/\" target=\"_blank\" rel=\"noopener noreferrer\">www.buff.com<\/a><\/td>\n<\/tr>\n<tr>\n<td>Camelbak<\/td>\n<td><a href=\"https:\/\/www.camelbak.com\/\" target=\"_blank\" rel=\"noopener noreferrer\">www.camelbak.com<\/a><\/td>\n<\/tr>\n<tr>\n<td>Camp<\/td>\n<td><a href=\"https:\/\/www.camp.it\/\" target=\"_blank\" rel=\"noopener noreferrer\">www.camp.it<\/a><\/td>\n<\/tr>\n<tr>\n<td>Casco<\/td>\n<td><a href=\"https:\/\/casco-helme.de\/\" target=\"_blank\" rel=\"noopener noreferrer\">www.casco-helme.de<\/a><\/td>\n<\/tr>\n<tr>\n<td>Deuter<\/td>\n<td><a href=\"https:\/\/www.deuter.com\/\" target=\"_blank\" rel=\"noopener noreferrer\">www.deuter.com<\/a><\/td>\n<\/tr>\n<tr>\n<td>Eisb\u00e4r<\/td>\n<td><a href=\"https:\/\/www.myeisbaer.com\/\">www.myeisbaer.com<\/a><\/td>\n<\/tr>\n<tr>\n<td>Gasser Rodeln<\/td>\n<td><a href=\"https:\/\/www.gasserrodel.at\/\" target=\"_blank\" rel=\"noopener noreferrer\">www.gasserrodel.at<\/a><\/td>\n<\/tr>\n<tr>\n<td>Giro<\/td>\n<td><a href=\"http:\/\/www.giro.com\/\" target=\"_blank\" rel=\"noopener noreferrer\">www.giro.com<\/a><\/td>\n<\/tr>\n<tr>\n<td>Hydro Flask<\/td>\n<td><a href=\"https:\/\/www.hydroflask.com\/\" target=\"_blank\" rel=\"noopener noreferrer\">www.hydroflask.com<\/a><\/td>\n<\/tr>\n<tr>\n<td>Komperdell<\/td>\n<td><a href=\"https:\/\/www.komperdell.com\/\" target=\"_blank\" rel=\"noopener noreferrer\">www.komperdell.com<\/a><\/td>\n<\/tr>\n<tr>\n<td>Leki<\/td>\n<td><a href=\"http:\/\/www.leki.de\/\" target=\"_blank\" rel=\"noopener noreferrer\">www.leki.de<\/a><\/td>\n<\/tr>\n<tr>\n<td>Lowe Alpine<\/td>\n<td><a href=\"https:\/\/lowealpine.com\" target=\"_blank\" rel=\"noopener noreferrer\">www.lowealpine.com<\/a><\/td>\n<\/tr>\n<tr>\n<td>Oakley<\/td>\n<td><a href=\"http:\/\/www.oakley.com\/\" target=\"_blank\" rel=\"noopener noreferrer\">www.oakley.com<\/a><\/td>\n<\/tr>\n<tr>\n<td>Odlo<\/td>\n<td><a href=\"https:\/\/www.odlo.com\/\" target=\"_blank\" rel=\"noopener noreferrer\">www.odlo.com<\/a><\/td>\n<\/tr>\n<tr>\n<td>Polaroid<\/td>\n<td><a href=\"https:\/\/www.polaroideyewear.com\/\" target=\"_blank\" rel=\"noopener noreferrer\">www.polaroideyewear.com<\/a><\/td>\n<\/tr>\n<tr>\n<td width=\"38%\">Reusch<\/td>\n<td width=\"62%\"><a href=\"http:\/\/www.reusch.com\/\" target=\"_blank\" rel=\"noopener noreferrer\">www.reusch.com<\/a><\/td>\n<\/tr>\n<tr>\n<td>Rohner<\/td>\n<td><a href=\"https:\/\/rohner-socks.com\/\" target=\"_blank\" rel=\"noopener noreferrer\">www.rohner-socks.com<\/a><\/td>\n<\/tr>\n<tr>\n<td>Sea To Summit<\/td>\n<td><a href=\"https:\/\/seatosummit.com\/\" target=\"_blank\" rel=\"noopener noreferrer\">www.seatosummit.com<\/a><\/td>\n<\/tr>\n<tr>\n<td>Swix<\/td>\n<td><a href=\"http:\/\/www.swixsport.com\/\" target=\"_blank\" rel=\"noopener noreferrer\">www.swixsport.com<\/a><\/td>\n<\/tr>\n<tr>\n<td>Thule<\/td>\n<td><a href=\"https:\/\/www.thule.com\/\" target=\"_blank\" rel=\"noopener noreferrer\">www.thule.com<\/a><\/td>\n<\/tr>\n<tr>\n<td>Torggler Alurodel<\/td>\n<td><a href=\"http:\/\/www.alurodel.com\/\" target=\"_blank\" rel=\"noopener noreferrer\"> www.alurodel.com<\/a><\/td>\n<\/tr>\n<tr>\n<td>Uvex<\/td>\n<td><a href=\"http:\/\/www.uvex.de\/\" target=\"_blank\" rel=\"noopener noreferrer\">www.uvex.de<\/a><\/td>\n<\/tr>\n<\/tbody>\n<\/table>\n<table class=\"n_links\" border=\"0\" cellspacing=\"0\" cellpadding=\"0\">\n<tbody>\n<tr class=\"tab_header\">\n<td colspan=\"2\"><b>Servizio assistenza<\/b><\/td>\n<\/tr>\n<tr>\n<td width=\"50%\">Montana<\/td>\n<td><a href=\"http:\/\/www.ski-service.com\/\" target=\"_blank\" rel=\"noopener noreferrer\">www.ski-service.com<\/a><\/td>\n<\/tr>\n<\/tbody>\n<\/table>\n<table class=\"n_links\" border=\"0\" cellspacing=\"0\" cellpadding=\"0\">\n<tbody>\n<tr class=\"tab_header\">\n<td colspan=\"2\"><b>Scarpe<\/b><\/td>\n<\/tr>\n<tr>\n<td width=\"50%\">Dolomite<\/td>\n<td><a href=\"http:\/\/www.dolomite.it\/\" target=\"_blank\" rel=\"noopener noreferrer\">www.dolomite.it<\/a><\/td>\n<\/tr>\n<tr>\n<td>Hangwag<\/td>\n<td><a href=\"http:\/\/www.hanwag.de\/\" target=\"_blank\" rel=\"noopener noreferrer\">www.hanwag.de<\/a><\/td>\n<\/tr>\n<tr>\n<td>Keen<\/td>\n<td><a href=\"http:\/\/www.keenfootwear.com\/\" target=\"_blank\" rel=\"noopener noreferrer\">www.keenfootwear.com<\/a><\/td>\n<\/tr>\n<tr>\n<td>La Sportiva<\/td>\n<td><a href=\"http:\/\/www.lasportiva.com\/\" target=\"_blank\" rel=\"noopener noreferrer\">www.lasportiva.com<\/a><\/td>\n<\/tr>\n<tr>\n<td>Lowa<\/td>\n<td><a href=\"http:\/\/www.lowa.de\/\" target=\"_blank\" rel=\"noopener noreferrer\">www.lowa.de<\/a><\/td>\n<\/tr>\n<tr>\n<td>Meindl<\/td>\n<td><a href=\"http:\/\/www.meindl.de\/\" target=\"_blank\" rel=\"noopener noreferrer\">www.meindl.de<\/a><\/td>\n<\/tr>\n<tr>\n<td>Moon Boot<\/td>\n<td><a href=\"https:\/\/www.moonboot.com\/\" target=\"_blank\" rel=\"noopener noreferrer\">www.moon-boot.com<\/a><\/td>\n<\/tr>\n<tr>\n<td>ON<\/td>\n<td><a href=\"http:\/\/www.on-running.com\/\" target=\"_blank\" rel=\"noopener noreferrer\">www.on-running.com<\/a><\/td>\n<\/tr>\n<tr>\n<td>Salomon<\/td>\n<td><a href=\"https:\/\/www.salomon.com\" target=\"_blank\" rel=\"noopener noreferrer\">www.salomon.com<\/a><\/td>\n<\/tr>\n<tr>\n<td>Sorel<\/td>\n<td><a href=\"http:\/\/www.sorel.com\/\" target=\"_blank\" rel=\"noopener noreferrer\">www.sorel.com<\/a><\/td>\n<\/tr>\n<tr>\n<td>Tecnica<\/td>\n<td><a href=\"https:\/\/www.blizzard-tecnica.com\/global\/de\" target=\"_blank\" rel=\"noopener noreferrer\">www.tecnica.it<\/a><\/td>\n<\/tr>\n<tr>\n<td>Teva<\/td>\n<td><a href=\"https:\/\/www.teva-eu.com\/\" target=\"_blank\" rel=\"noopener noreferrer\">www.teva-eu.com<\/a><\/td>\n<\/tr>\n<tr>\n<td>Vibram<\/td>\n<td><a href=\"http:\/\/www.vibram.com\/\" target=\"_blank\" rel=\"noopener noreferrer\">www.vibram.com<\/a><\/td>\n<\/tr>\n<\/tbody>\n<\/table>\n<\/div>\n<table class=\"n_links\" border=\"0\" cellspacing=\"0\" cellpadding=\"0\">\n<tbody>\n<tr class=\"tab_header\">\n<td colspan=\"2\"><b>Abbigliamento<\/b><\/td>\n<\/tr>\n<tr>\n<td width=\"50%\">Arc&#8217;teryx<\/td>\n<td><a href=\"http:\/\/www.arcteryx.com\/\" target=\"_blank\" rel=\"noopener noreferrer\">www.arcteryx.com<\/a><\/td>\n<\/tr>\n<tr>\n<td>Colmar<\/td>\n<td><a href=\"https:\/\/www.colmar.it\/\" target=\"_blank\" rel=\"noopener noreferrer\">www.colmar.it<\/a><\/td>\n<\/tr>\n<tr>\n<td>Dare2B<\/td>\n<td><a href=\"http:\/\/www.dare2b.com\/\" target=\"_blank\" rel=\"noopener noreferrer\">www.dare2b.com<\/a><\/td>\n<\/tr>\n<tr>\n<td>Fj\u00e4llr\u00e4ven<\/td>\n<td><a href=\"https:\/\/www.fjallraven.com\/\" target=\"_blank\" rel=\"noopener noreferrer\">www.fjallraven.com<\/a><\/td>\n<\/tr>\n<tr>\n<td>Icepeak<\/td>\n<td><a href=\"http:\/\/www.icepeak.fi\/\" target=\"_blank\" rel=\"noopener noreferrer\">www.icepeak.fi<\/a><\/td>\n<\/tr>\n<tr>\n<td>Karpos<\/td>\n<td><a href=\"https:\/\/www.karpos-outdoor.com\/\" target=\"_blank\" rel=\"noopener noreferrer\">www.karpos-outdoor.com<\/a><\/td>\n<\/tr>\n<tr>\n<td>Maier Sports<\/td>\n<td><a href=\"https:\/\/maier-sports.com\/\" target=\"_blank\" rel=\"noopener noreferrer\">www.maier-sports.com<\/a><\/td>\n<\/tr>\n<tr>\n<td><\/td>\n<td><\/td>\n<\/tr>\n<tr>\n<td>Mico<\/td>\n<td><a href=\"http:\/\/www.mico.it\/\" target=\"_blank\" rel=\"noopener noreferrer\">www.mico.it<\/a><\/td>\n<\/tr>\n<tr>\n<td>Mons Royale<\/td>\n<td><a href=\"https:\/\/www.monsroyale.com\/\" target=\"_blank\" rel=\"noopener noreferrer\">www.monsroyale.com<\/a><\/td>\n<\/tr>\n<tr>\n<td>Ortovox<\/td>\n<td><a href=\"http:\/\/www.ortovox.com\/\" target=\"_blank\" rel=\"noopener noreferrer\">www.ortovox.com<\/a><\/td>\n<\/tr>\n<tr>\n<td><\/td>\n<td><\/td>\n<\/tr>\n<tr>\n<td>Regatta<\/td>\n<td><a href=\"http:\/\/www.regatta.com\/\" target=\"_blank\" rel=\"noopener noreferrer\">www.regatta.com<\/a><\/td>\n<\/tr>\n<tr>\n<td>Salewa<\/td>\n<td><a href=\"https:\/\/www.salewa.com\/\" target=\"_blank\" rel=\"noopener noreferrer\">www.salewa.com<\/a><\/td>\n<\/tr>\n<\/tbody>\n<\/table>\n<\/div>\n<div class=\"textItem\"><\/div>\n<blockquote>\n<div class=\"textItem\">Prenota ora la tua attrezzatura da sci nel nostro noleggio sci a Siusi e l&#8217;Alpe di Siusi!<\/div>\n<\/blockquote>\n<div class=\"textItem\"><a class=\"link-weiter\" href=\"https:\/\/www.kandk.bz\/it\/prenota-online\/\">Prenota online il tuo sci\u00a0&gt;&gt;<\/a><\/div>\n","protected":false},"excerpt":{"rendered":"<p>Le migliori marche di sci non solo sull\u2019Alpe di Siusi! Il nostro affitto sci\u00a0(noleggio &amp; vendita) a Siusi offre le marche di sci pi\u00f9 attuali e moderne per il noleggio sci e la vendita. Potete affittare gli sci pi\u00f9 moderni da K &amp; K Sports, la scelta migliore delle marche di sci pi\u00f9 prestigiose sull\u2019Alpe [&hellip;]<\/p>\n","protected":false},"author":3,"featured_media":0,"parent":5345,"menu_order":30,"comment_status":"closed","ping_status":"closed","template":"","meta":{"_acf_changed":false,"footnotes":""},"class_list":["post-5349","page","type-page","status-publish","hentry"],"acf":[],"yoast_head":"<!-- This site is optimized with the Yoast SEO plugin v27.0 - https:\/\/yoast.com\/product\/yoast-seo-wordpress\/ -->\n<title>Marche - K&amp;K Sports - noleggio sci e deposito, Alpe di Siusi<\/title>\n<meta name=\"description\" content=\"Le migliori marche di sci non solo sull\u2019Alpe di Siusi! Il nostro affitto sci (noleggio &amp; vendita) a Siusi offre le marche di sci pi\u00f9 attuali e moderne per il noleggio sci e la vendita.\" \/>\n<meta name=\"robots\" content=\"index, follow, max-snippet:-1, max-image-preview:large, max-video-preview:-1\" \/>\n<link rel=\"canonical\" href=\"https:\/\/www.kandk.bz\/it\/shopping\/marche\/\" \/>\n<meta property=\"og:locale\" content=\"it_IT\" \/>\n<meta property=\"og:type\" content=\"article\" \/>\n<meta property=\"og:title\" content=\"Marche - K&amp;K Sports - noleggio sci e deposito, Alpe di Siusi\" \/>\n<meta property=\"og:description\" content=\"Le migliori marche di sci non solo sull\u2019Alpe di Siusi! Il nostro affitto sci (noleggio &amp; vendita) a Siusi offre le marche di sci pi\u00f9 attuali e moderne per il noleggio sci e la vendita.\" \/>\n<meta property=\"og:url\" content=\"https:\/\/www.kandk.bz\/it\/shopping\/marche\/\" \/>\n<meta property=\"og:site_name\" content=\"K&amp;K Sports - noleggio sci e deposito, Alpe di Siusi\" \/>\n<meta property=\"article:publisher\" content=\"https:\/\/www.facebook.com\/kandksport\" \/>\n<meta property=\"article:modified_time\" content=\"2025-11-19T08:10:45+00:00\" \/>\n<meta name=\"twitter:card\" content=\"summary_large_image\" \/>\n<meta name=\"twitter:label1\" content=\"Tempo di lettura stimato\" \/>\n\t<meta name=\"twitter:data1\" content=\"2 minuti\" \/>\n<script type=\"application\/ld+json\" class=\"yoast-schema-graph\">{\"@context\":\"https:\/\/schema.org\",\"@graph\":[{\"@type\":\"WebPage\",\"@id\":\"https:\/\/www.kandk.bz\/it\/shopping\/marche\/\",\"url\":\"https:\/\/www.kandk.bz\/it\/shopping\/marche\/\",\"name\":\"Marche - K&amp;K Sports - noleggio sci e deposito, Alpe di Siusi\",\"isPartOf\":{\"@id\":\"https:\/\/www.kandk.bz\/#website\"},\"datePublished\":\"2015-10-27T11:51:08+00:00\",\"dateModified\":\"2025-11-19T08:10:45+00:00\",\"description\":\"Le migliori marche di sci non solo sull\u2019Alpe di Siusi! Il nostro affitto sci (noleggio & vendita) a Siusi offre le marche di sci pi\u00f9 attuali e moderne per il noleggio sci e la vendita.\",\"breadcrumb\":{\"@id\":\"https:\/\/www.kandk.bz\/it\/shopping\/marche\/#breadcrumb\"},\"inLanguage\":\"it-IT\",\"potentialAction\":[{\"@type\":\"ReadAction\",\"target\":[\"https:\/\/www.kandk.bz\/it\/shopping\/marche\/\"]}]},{\"@type\":\"BreadcrumbList\",\"@id\":\"https:\/\/www.kandk.bz\/it\/shopping\/marche\/#breadcrumb\",\"itemListElement\":[{\"@type\":\"ListItem\",\"position\":1,\"name\":\"Shopping\",\"item\":\"https:\/\/www.kandk.bz\/it\/shopping\/\"},{\"@type\":\"ListItem\",\"position\":2,\"name\":\"Marche\"}]},{\"@type\":\"WebSite\",\"@id\":\"https:\/\/www.kandk.bz\/#website\",\"url\":\"https:\/\/www.kandk.bz\/\",\"name\":\"K&amp;K Sports - noleggio sci e deposito, Alpe di Siusi\",\"description\":\"K&amp;K Sports - noleggio sci e deposito, Alpe di Siusi\",\"potentialAction\":[{\"@type\":\"SearchAction\",\"target\":{\"@type\":\"EntryPoint\",\"urlTemplate\":\"https:\/\/www.kandk.bz\/?s={search_term_string}\"},\"query-input\":{\"@type\":\"PropertyValueSpecification\",\"valueRequired\":true,\"valueName\":\"search_term_string\"}}],\"inLanguage\":\"it-IT\"}]}<\/script>\n<!-- \/ Yoast SEO plugin. -->","yoast_head_json":{"title":"Marche - K&amp;K Sports - noleggio sci e deposito, Alpe di Siusi","description":"Le migliori marche di sci non solo sull\u2019Alpe di Siusi! Il nostro affitto sci (noleggio & vendita) a Siusi offre le marche di sci pi\u00f9 attuali e moderne per il noleggio sci e la vendita.","robots":{"index":"index","follow":"follow","max-snippet":"max-snippet:-1","max-image-preview":"max-image-preview:large","max-video-preview":"max-video-preview:-1"},"canonical":"https:\/\/www.kandk.bz\/it\/shopping\/marche\/","og_locale":"it_IT","og_type":"article","og_title":"Marche - K&amp;K Sports - noleggio sci e deposito, Alpe di Siusi","og_description":"Le migliori marche di sci non solo sull\u2019Alpe di Siusi! Il nostro affitto sci (noleggio & vendita) a Siusi offre le marche di sci pi\u00f9 attuali e moderne per il noleggio sci e la vendita.","og_url":"https:\/\/www.kandk.bz\/it\/shopping\/marche\/","og_site_name":"K&amp;K Sports - noleggio sci e deposito, Alpe di Siusi","article_publisher":"https:\/\/www.facebook.com\/kandksport","article_modified_time":"2025-11-19T08:10:45+00:00","twitter_card":"summary_large_image","twitter_misc":{"Tempo di lettura stimato":"2 minuti"},"schema":{"@context":"https:\/\/schema.org","@graph":[{"@type":"WebPage","@id":"https:\/\/www.kandk.bz\/it\/shopping\/marche\/","url":"https:\/\/www.kandk.bz\/it\/shopping\/marche\/","name":"Marche - K&amp;K Sports - noleggio sci e deposito, Alpe di Siusi","isPartOf":{"@id":"https:\/\/www.kandk.bz\/#website"},"datePublished":"2015-10-27T11:51:08+00:00","dateModified":"2025-11-19T08:10:45+00:00","description":"Le migliori marche di sci non solo sull\u2019Alpe di Siusi! Il nostro affitto sci (noleggio & vendita) a Siusi offre le marche di sci pi\u00f9 attuali e moderne per il noleggio sci e la vendita.","breadcrumb":{"@id":"https:\/\/www.kandk.bz\/it\/shopping\/marche\/#breadcrumb"},"inLanguage":"it-IT","potentialAction":[{"@type":"ReadAction","target":["https:\/\/www.kandk.bz\/it\/shopping\/marche\/"]}]},{"@type":"BreadcrumbList","@id":"https:\/\/www.kandk.bz\/it\/shopping\/marche\/#breadcrumb","itemListElement":[{"@type":"ListItem","position":1,"name":"Shopping","item":"https:\/\/www.kandk.bz\/it\/shopping\/"},{"@type":"ListItem","position":2,"name":"Marche"}]},{"@type":"WebSite","@id":"https:\/\/www.kandk.bz\/#website","url":"https:\/\/www.kandk.bz\/","name":"K&amp;K Sports - noleggio sci e deposito, Alpe di Siusi","description":"K&amp;K Sports - noleggio sci e deposito, Alpe di Siusi","potentialAction":[{"@type":"SearchAction","target":{"@type":"EntryPoint","urlTemplate":"https:\/\/www.kandk.bz\/?s={search_term_string}"},"query-input":{"@type":"PropertyValueSpecification","valueRequired":true,"valueName":"search_term_string"}}],"inLanguage":"it-IT"}]}},"_links":{"self":[{"href":"https:\/\/www.kandk.bz\/it\/wp-json\/wp\/v2\/pages\/5349","targetHints":{"allow":["GET"]}}],"collection":[{"href":"https:\/\/www.kandk.bz\/it\/wp-json\/wp\/v2\/pages"}],"about":[{"href":"https:\/\/www.kandk.bz\/it\/wp-json\/wp\/v2\/types\/page"}],"author":[{"embeddable":true,"href":"https:\/\/www.kandk.bz\/it\/wp-json\/wp\/v2\/users\/3"}],"replies":[{"embeddable":true,"href":"https:\/\/www.kandk.bz\/it\/wp-json\/wp\/v2\/comments?post=5349"}],"version-history":[{"count":36,"href":"https:\/\/www.kandk.bz\/it\/wp-json\/wp\/v2\/pages\/5349\/revisions"}],"predecessor-version":[{"id":10925,"href":"https:\/\/www.kandk.bz\/it\/wp-json\/wp\/v2\/pages\/5349\/revisions\/10925"}],"up":[{"embeddable":true,"href":"https:\/\/www.kandk.bz\/it\/wp-json\/wp\/v2\/pages\/5345"}],"wp:attachment":[{"href":"https:\/\/www.kandk.bz\/it\/wp-json\/wp\/v2\/media?parent=5349"}],"curies":[{"name":"wp","href":"https:\/\/api.w.org\/{rel}","templated":true}]}}