{"id":5857,"date":"2015-11-09T05:29:45","date_gmt":"2015-11-09T04:29:45","guid":{"rendered":"http:\/\/kandk.bz\/nl\/?page_id=5857"},"modified":"2026-04-08T12:34:26","modified_gmt":"2026-04-08T10:34:26","slug":"start-2","status":"publish","type":"page","link":"https:\/\/www.kandk.bz\/pl\/","title":{"rendered":"Start"},"content":{"rendered":"","protected":false},"excerpt":{"rendered":"","protected":false},"author":3,"featured_media":0,"parent":0,"menu_order":0,"comment_status":"closed","ping_status":"closed","template":"template-home.php","meta":{"_acf_changed":false,"footnotes":""},"class_list":["post-5857","page","type-page","status-publish","hentry"],"acf":[],"yoast_head":"<!-- This site is optimized with the Yoast SEO plugin v27.0 - https:\/\/yoast.com\/product\/yoast-seo-wordpress\/ -->\n<title>Wypo\u017cyczalnia sprz\u0119tu narciarskiego K&amp;K Sports Seiser Alm<\/title>\n<meta name=\"description\" content=\"K &amp; K Sports, wypo\u017cyczalnia sprz\u0119tu narciarskiego na Seiser Alm. Wypo\u017cyczalnia sprz\u0119tu narciarskiego K &amp; K Sports, wypo\u017cyczalnia sprz\u0119tu do uprawiania sport\u00f3w zimowych oraz wyposa\u017cenia na Seiser Alm:\" \/>\n<meta name=\"robots\" content=\"index, follow, max-snippet:-1, max-image-preview:large, max-video-preview:-1\" \/>\n<link rel=\"canonical\" href=\"https:\/\/www.kandk.bz\/pl\/\" \/>\n<meta property=\"og:locale\" content=\"pl_PL\" \/>\n<meta property=\"og:type\" content=\"article\" \/>\n<meta property=\"og:title\" content=\"Wypo\u017cyczalnia sprz\u0119tu narciarskiego K&amp;K Sports Seiser Alm\" \/>\n<meta property=\"og:description\" content=\"K &amp; K Sports, wypo\u017cyczalnia sprz\u0119tu narciarskiego na Seiser Alm. Wypo\u017cyczalnia sprz\u0119tu narciarskiego K &amp; K Sports, wypo\u017cyczalnia sprz\u0119tu do uprawiania sport\u00f3w zimowych oraz wyposa\u017cenia na Seiser Alm:\" \/>\n<meta property=\"og:url\" content=\"https:\/\/www.kandk.bz\/pl\/\" \/>\n<meta property=\"og:site_name\" content=\"K&amp;K Sports - noleggio sci e deposito, Alpe di Siusi\" \/>\n<meta property=\"article:publisher\" content=\"https:\/\/www.facebook.com\/kandksport\" \/>\n<meta property=\"article:modified_time\" content=\"2026-04-08T10:34:26+00:00\" \/>\n<meta name=\"twitter:card\" content=\"summary_large_image\" \/>\n<script type=\"application\/ld+json\" class=\"yoast-schema-graph\">{\"@context\":\"https:\/\/schema.org\",\"@graph\":[{\"@type\":\"WebPage\",\"@id\":\"https:\/\/www.kandk.bz\/pl\/\",\"url\":\"https:\/\/www.kandk.bz\/pl\/\",\"name\":\"Wypo\u017cyczalnia sprz\u0119tu narciarskiego K&K Sports Seiser Alm\",\"isPartOf\":{\"@id\":\"https:\/\/www.kandk.bz\/#website\"},\"datePublished\":\"2015-11-09T04:29:45+00:00\",\"dateModified\":\"2026-04-08T10:34:26+00:00\",\"description\":\"K & K Sports, wypo\u017cyczalnia sprz\u0119tu narciarskiego na Seiser Alm. Wypo\u017cyczalnia sprz\u0119tu narciarskiego K & K Sports, wypo\u017cyczalnia sprz\u0119tu do uprawiania sport\u00f3w zimowych oraz wyposa\u017cenia na Seiser Alm:\",\"inLanguage\":\"pl-PL\",\"potentialAction\":[{\"@type\":\"ReadAction\",\"target\":[\"https:\/\/www.kandk.bz\/pl\/\"]}]},{\"@type\":\"WebSite\",\"@id\":\"https:\/\/www.kandk.bz\/#website\",\"url\":\"https:\/\/www.kandk.bz\/\",\"name\":\"K&amp;K Sports - noleggio sci e deposito, Alpe di Siusi\",\"description\":\"K&amp;K Sports - noleggio sci e deposito, Alpe di Siusi\",\"potentialAction\":[{\"@type\":\"SearchAction\",\"target\":{\"@type\":\"EntryPoint\",\"urlTemplate\":\"https:\/\/www.kandk.bz\/?s={search_term_string}\"},\"query-input\":{\"@type\":\"PropertyValueSpecification\",\"valueRequired\":true,\"valueName\":\"search_term_string\"}}],\"inLanguage\":\"pl-PL\"}]}<\/script>\n<!-- \/ Yoast SEO plugin. -->","yoast_head_json":{"title":"Wypo\u017cyczalnia sprz\u0119tu narciarskiego K&K Sports Seiser Alm","description":"K & K Sports, wypo\u017cyczalnia sprz\u0119tu narciarskiego na Seiser Alm. Wypo\u017cyczalnia sprz\u0119tu narciarskiego K & K Sports, wypo\u017cyczalnia sprz\u0119tu do uprawiania sport\u00f3w zimowych oraz wyposa\u017cenia na Seiser Alm:","robots":{"index":"index","follow":"follow","max-snippet":"max-snippet:-1","max-image-preview":"max-image-preview:large","max-video-preview":"max-video-preview:-1"},"canonical":"https:\/\/www.kandk.bz\/pl\/","og_locale":"pl_PL","og_type":"article","og_title":"Wypo\u017cyczalnia sprz\u0119tu narciarskiego K&K Sports Seiser Alm","og_description":"K & K Sports, wypo\u017cyczalnia sprz\u0119tu narciarskiego na Seiser Alm. Wypo\u017cyczalnia sprz\u0119tu narciarskiego K & K Sports, wypo\u017cyczalnia sprz\u0119tu do uprawiania sport\u00f3w zimowych oraz wyposa\u017cenia na Seiser Alm:","og_url":"https:\/\/www.kandk.bz\/pl\/","og_site_name":"K&amp;K Sports - noleggio sci e deposito, Alpe di Siusi","article_publisher":"https:\/\/www.facebook.com\/kandksport","article_modified_time":"2026-04-08T10:34:26+00:00","twitter_card":"summary_large_image","schema":{"@context":"https:\/\/schema.org","@graph":[{"@type":"WebPage","@id":"https:\/\/www.kandk.bz\/pl\/","url":"https:\/\/www.kandk.bz\/pl\/","name":"Wypo\u017cyczalnia sprz\u0119tu narciarskiego K&K Sports Seiser Alm","isPartOf":{"@id":"https:\/\/www.kandk.bz\/#website"},"datePublished":"2015-11-09T04:29:45+00:00","dateModified":"2026-04-08T10:34:26+00:00","description":"K & K Sports, wypo\u017cyczalnia sprz\u0119tu narciarskiego na Seiser Alm. Wypo\u017cyczalnia sprz\u0119tu narciarskiego K & K Sports, wypo\u017cyczalnia sprz\u0119tu do uprawiania sport\u00f3w zimowych oraz wyposa\u017cenia na Seiser Alm:","inLanguage":"pl-PL","potentialAction":[{"@type":"ReadAction","target":["https:\/\/www.kandk.bz\/pl\/"]}]},{"@type":"WebSite","@id":"https:\/\/www.kandk.bz\/#website","url":"https:\/\/www.kandk.bz\/","name":"K&amp;K Sports - noleggio sci e deposito, Alpe di Siusi","description":"K&amp;K Sports - noleggio sci e deposito, Alpe di Siusi","potentialAction":[{"@type":"SearchAction","target":{"@type":"EntryPoint","urlTemplate":"https:\/\/www.kandk.bz\/?s={search_term_string}"},"query-input":{"@type":"PropertyValueSpecification","valueRequired":true,"valueName":"search_term_string"}}],"inLanguage":"pl-PL"}]}},"_links":{"self":[{"href":"https:\/\/www.kandk.bz\/pl\/wp-json\/wp\/v2\/pages\/5857","targetHints":{"allow":["GET"]}}],"collection":[{"href":"https:\/\/www.kandk.bz\/pl\/wp-json\/wp\/v2\/pages"}],"about":[{"href":"https:\/\/www.kandk.bz\/pl\/wp-json\/wp\/v2\/types\/page"}],"author":[{"embeddable":true,"href":"https:\/\/www.kandk.bz\/pl\/wp-json\/wp\/v2\/users\/3"}],"replies":[{"embeddable":true,"href":"https:\/\/www.kandk.bz\/pl\/wp-json\/wp\/v2\/comments?post=5857"}],"version-history":[{"count":42,"href":"https:\/\/www.kandk.bz\/pl\/wp-json\/wp\/v2\/pages\/5857\/revisions"}],"predecessor-version":[{"id":11214,"href":"https:\/\/www.kandk.bz\/pl\/wp-json\/wp\/v2\/pages\/5857\/revisions\/11214"}],"wp:attachment":[{"href":"https:\/\/www.kandk.bz\/pl\/wp-json\/wp\/v2\/media?parent=5857"}],"curies":[{"name":"wp","href":"https:\/\/api.w.org\/{rel}","templated":true}]}}