{"id":5873,"date":"2015-11-09T20:24:52","date_gmt":"2015-11-09T19:24:52","guid":{"rendered":"http:\/\/kandk.bz\/nl\/?page_id=5873"},"modified":"2026-03-09T08:30:24","modified_gmt":"2026-03-09T07:30:24","slug":"serwis-narciarski","status":"publish","type":"page","link":"https:\/\/www.kandk.bz\/pl\/serwis-narciarski\/","title":{"rendered":"Serwis narciarski"},"content":{"rendered":"<p>Nowe narty s\u0105 dobrze skr\u0119tne i optymalnie je\u017cd\u017c\u0105. Dzi\u0119ki naszemu serwisowi narciarskiemu w wypo\u017cyczalni sprz\u0119tu narciarskiego <a href=\"https:\/\/www.kandk.bz\/pl\/\">K &amp; K Sports w Seis w pobli\u017cu Seiser Alm<\/a> mog\u0105 Pa\u0144stwo d\u0142ugo cieszy\u0107 si\u0119 z korzystnych w\u0142a\u015bciwo\u015bci jezdnych. Serwis narciarski i snowboardowy K &amp; K Sports obejmuje szlifowanie \u015blizgu\u00a0 i ostrzenie kraw\u0119dzi nart.<\/p>\n","protected":false},"excerpt":{"rendered":"<p>Nowe narty s\u0105 dobrze skr\u0119tne i optymalnie je\u017cd\u017c\u0105. Dzi\u0119ki naszemu serwisowi narciarskiemu w wypo\u017cyczalni sprz\u0119tu narciarskiego K &amp; K Sports w Seis w pobli\u017cu Seiser Alm mog\u0105 Pa\u0144stwo d\u0142ugo cieszy\u0107 si\u0119 z korzystnych w\u0142a\u015bciwo\u015bci jezdnych. Serwis narciarski i snowboardowy K &amp; K Sports obejmuje szlifowanie \u015blizgu\u00a0 i ostrzenie kraw\u0119dzi nart.<\/p>\n","protected":false},"author":3,"featured_media":4846,"parent":0,"menu_order":60,"comment_status":"closed","ping_status":"closed","template":"","meta":{"_acf_changed":false,"footnotes":""},"class_list":["post-5873","page","type-page","status-publish","has-post-thumbnail","hentry"],"acf":[],"yoast_head":"<!-- This site is optimized with the Yoast SEO plugin v27.0 - https:\/\/yoast.com\/product\/yoast-seo-wordpress\/ -->\n<title>Serwis narciarski- K&amp;K Sports Seiser Alm<\/title>\n<meta name=\"description\" content=\"Serwis narciarski: Nowe narty s\u0105 dobrze skr\u0119tne i optymalnie je\u017cd\u017c\u0105. Dzi\u0119ki naszemu serwisowi narciarskiemu w wypo\u017cyczalni sprz\u0119tu narciarskiego K &amp; K Sports w Seis w pobli\u017cu Seiser Alm mog\u0105 Pa\u0144stwo d\u0142ugo cieszy\u0107 si\u0119 z korzystnych w\u0142a\u015bciwo\u015bci jezdnych.\" \/>\n<meta name=\"robots\" content=\"index, follow, max-snippet:-1, max-image-preview:large, max-video-preview:-1\" \/>\n<link rel=\"canonical\" href=\"https:\/\/www.kandk.bz\/pl\/serwis-narciarski\/\" \/>\n<meta property=\"og:locale\" content=\"pl_PL\" \/>\n<meta property=\"og:type\" content=\"article\" \/>\n<meta property=\"og:title\" content=\"Serwis narciarski- K&amp;K Sports Seiser Alm\" \/>\n<meta property=\"og:description\" content=\"Serwis narciarski: Nowe narty s\u0105 dobrze skr\u0119tne i optymalnie je\u017cd\u017c\u0105. Dzi\u0119ki naszemu serwisowi narciarskiemu w wypo\u017cyczalni sprz\u0119tu narciarskiego K &amp; K Sports w Seis w pobli\u017cu Seiser Alm mog\u0105 Pa\u0144stwo d\u0142ugo cieszy\u0107 si\u0119 z korzystnych w\u0142a\u015bciwo\u015bci jezdnych.\" \/>\n<meta property=\"og:url\" content=\"https:\/\/www.kandk.bz\/pl\/serwis-narciarski\/\" \/>\n<meta property=\"og:site_name\" content=\"K&amp;K Sports - noleggio sci e deposito, Alpe di Siusi\" \/>\n<meta property=\"article:publisher\" content=\"https:\/\/www.facebook.com\/kandksport\" \/>\n<meta property=\"article:modified_time\" content=\"2026-03-09T07:30:24+00:00\" \/>\n<meta property=\"og:image\" content=\"https:\/\/www.kandk.bz\/wp-content\/uploads\/montana_jetbond_st.jpg\" \/>\n\t<meta property=\"og:image:width\" content=\"800\" \/>\n\t<meta property=\"og:image:height\" content=\"400\" \/>\n\t<meta property=\"og:image:type\" content=\"image\/jpeg\" \/>\n<meta name=\"twitter:card\" content=\"summary_large_image\" \/>\n<meta name=\"twitter:label1\" content=\"Szacowany czas czytania\" \/>\n\t<meta name=\"twitter:data1\" content=\"1 minuta\" \/>\n<script type=\"application\/ld+json\" class=\"yoast-schema-graph\">{\"@context\":\"https:\/\/schema.org\",\"@graph\":[{\"@type\":\"WebPage\",\"@id\":\"https:\/\/www.kandk.bz\/pl\/serwis-narciarski\/\",\"url\":\"https:\/\/www.kandk.bz\/pl\/serwis-narciarski\/\",\"name\":\"Serwis narciarski- K&K Sports Seiser Alm\",\"isPartOf\":{\"@id\":\"https:\/\/www.kandk.bz\/#website\"},\"primaryImageOfPage\":{\"@id\":\"https:\/\/www.kandk.bz\/pl\/serwis-narciarski\/#primaryimage\"},\"image\":{\"@id\":\"https:\/\/www.kandk.bz\/pl\/serwis-narciarski\/#primaryimage\"},\"thumbnailUrl\":\"https:\/\/www.kandk.bz\/wp-content\/uploads\/montana_jetbond_st.jpg\",\"datePublished\":\"2015-11-09T19:24:52+00:00\",\"dateModified\":\"2026-03-09T07:30:24+00:00\",\"description\":\"Serwis narciarski: Nowe narty s\u0105 dobrze skr\u0119tne i optymalnie je\u017cd\u017c\u0105. Dzi\u0119ki naszemu serwisowi narciarskiemu w wypo\u017cyczalni sprz\u0119tu narciarskiego K & K Sports w Seis w pobli\u017cu Seiser Alm mog\u0105 Pa\u0144stwo d\u0142ugo cieszy\u0107 si\u0119 z korzystnych w\u0142a\u015bciwo\u015bci jezdnych.\",\"inLanguage\":\"pl-PL\",\"potentialAction\":[{\"@type\":\"ReadAction\",\"target\":[\"https:\/\/www.kandk.bz\/pl\/serwis-narciarski\/\"]}]},{\"@type\":\"ImageObject\",\"inLanguage\":\"pl-PL\",\"@id\":\"https:\/\/www.kandk.bz\/pl\/serwis-narciarski\/#primaryimage\",\"url\":\"https:\/\/www.kandk.bz\/wp-content\/uploads\/montana_jetbond_st.jpg\",\"contentUrl\":\"https:\/\/www.kandk.bz\/wp-content\/uploads\/montana_jetbond_st.jpg\",\"width\":800,\"height\":400},{\"@type\":\"WebSite\",\"@id\":\"https:\/\/www.kandk.bz\/#website\",\"url\":\"https:\/\/www.kandk.bz\/\",\"name\":\"K&amp;K Sports - noleggio sci e deposito, Alpe di Siusi\",\"description\":\"K&amp;K Sports - noleggio sci e deposito, Alpe di Siusi\",\"potentialAction\":[{\"@type\":\"SearchAction\",\"target\":{\"@type\":\"EntryPoint\",\"urlTemplate\":\"https:\/\/www.kandk.bz\/?s={search_term_string}\"},\"query-input\":{\"@type\":\"PropertyValueSpecification\",\"valueRequired\":true,\"valueName\":\"search_term_string\"}}],\"inLanguage\":\"pl-PL\"}]}<\/script>\n<!-- \/ Yoast SEO plugin. -->","yoast_head_json":{"title":"Serwis narciarski- K&K Sports Seiser Alm","description":"Serwis narciarski: Nowe narty s\u0105 dobrze skr\u0119tne i optymalnie je\u017cd\u017c\u0105. Dzi\u0119ki naszemu serwisowi narciarskiemu w wypo\u017cyczalni sprz\u0119tu narciarskiego K & K Sports w Seis w pobli\u017cu Seiser Alm mog\u0105 Pa\u0144stwo d\u0142ugo cieszy\u0107 si\u0119 z korzystnych w\u0142a\u015bciwo\u015bci jezdnych.","robots":{"index":"index","follow":"follow","max-snippet":"max-snippet:-1","max-image-preview":"max-image-preview:large","max-video-preview":"max-video-preview:-1"},"canonical":"https:\/\/www.kandk.bz\/pl\/serwis-narciarski\/","og_locale":"pl_PL","og_type":"article","og_title":"Serwis narciarski- K&K Sports Seiser Alm","og_description":"Serwis narciarski: Nowe narty s\u0105 dobrze skr\u0119tne i optymalnie je\u017cd\u017c\u0105. Dzi\u0119ki naszemu serwisowi narciarskiemu w wypo\u017cyczalni sprz\u0119tu narciarskiego K & K Sports w Seis w pobli\u017cu Seiser Alm mog\u0105 Pa\u0144stwo d\u0142ugo cieszy\u0107 si\u0119 z korzystnych w\u0142a\u015bciwo\u015bci jezdnych.","og_url":"https:\/\/www.kandk.bz\/pl\/serwis-narciarski\/","og_site_name":"K&amp;K Sports - noleggio sci e deposito, Alpe di Siusi","article_publisher":"https:\/\/www.facebook.com\/kandksport","article_modified_time":"2026-03-09T07:30:24+00:00","og_image":[{"width":800,"height":400,"url":"https:\/\/www.kandk.bz\/wp-content\/uploads\/montana_jetbond_st.jpg","type":"image\/jpeg"}],"twitter_card":"summary_large_image","twitter_misc":{"Szacowany czas czytania":"1 minuta"},"schema":{"@context":"https:\/\/schema.org","@graph":[{"@type":"WebPage","@id":"https:\/\/www.kandk.bz\/pl\/serwis-narciarski\/","url":"https:\/\/www.kandk.bz\/pl\/serwis-narciarski\/","name":"Serwis narciarski- K&K Sports Seiser Alm","isPartOf":{"@id":"https:\/\/www.kandk.bz\/#website"},"primaryImageOfPage":{"@id":"https:\/\/www.kandk.bz\/pl\/serwis-narciarski\/#primaryimage"},"image":{"@id":"https:\/\/www.kandk.bz\/pl\/serwis-narciarski\/#primaryimage"},"thumbnailUrl":"https:\/\/www.kandk.bz\/wp-content\/uploads\/montana_jetbond_st.jpg","datePublished":"2015-11-09T19:24:52+00:00","dateModified":"2026-03-09T07:30:24+00:00","description":"Serwis narciarski: Nowe narty s\u0105 dobrze skr\u0119tne i optymalnie je\u017cd\u017c\u0105. Dzi\u0119ki naszemu serwisowi narciarskiemu w wypo\u017cyczalni sprz\u0119tu narciarskiego K & K Sports w Seis w pobli\u017cu Seiser Alm mog\u0105 Pa\u0144stwo d\u0142ugo cieszy\u0107 si\u0119 z korzystnych w\u0142a\u015bciwo\u015bci jezdnych.","inLanguage":"pl-PL","potentialAction":[{"@type":"ReadAction","target":["https:\/\/www.kandk.bz\/pl\/serwis-narciarski\/"]}]},{"@type":"ImageObject","inLanguage":"pl-PL","@id":"https:\/\/www.kandk.bz\/pl\/serwis-narciarski\/#primaryimage","url":"https:\/\/www.kandk.bz\/wp-content\/uploads\/montana_jetbond_st.jpg","contentUrl":"https:\/\/www.kandk.bz\/wp-content\/uploads\/montana_jetbond_st.jpg","width":800,"height":400},{"@type":"WebSite","@id":"https:\/\/www.kandk.bz\/#website","url":"https:\/\/www.kandk.bz\/","name":"K&amp;K Sports - noleggio sci e deposito, Alpe di Siusi","description":"K&amp;K Sports - noleggio sci e deposito, Alpe di Siusi","potentialAction":[{"@type":"SearchAction","target":{"@type":"EntryPoint","urlTemplate":"https:\/\/www.kandk.bz\/?s={search_term_string}"},"query-input":{"@type":"PropertyValueSpecification","valueRequired":true,"valueName":"search_term_string"}}],"inLanguage":"pl-PL"}]}},"_links":{"self":[{"href":"https:\/\/www.kandk.bz\/pl\/wp-json\/wp\/v2\/pages\/5873","targetHints":{"allow":["GET"]}}],"collection":[{"href":"https:\/\/www.kandk.bz\/pl\/wp-json\/wp\/v2\/pages"}],"about":[{"href":"https:\/\/www.kandk.bz\/pl\/wp-json\/wp\/v2\/types\/page"}],"author":[{"embeddable":true,"href":"https:\/\/www.kandk.bz\/pl\/wp-json\/wp\/v2\/users\/3"}],"replies":[{"embeddable":true,"href":"https:\/\/www.kandk.bz\/pl\/wp-json\/wp\/v2\/comments?post=5873"}],"version-history":[{"count":5,"href":"https:\/\/www.kandk.bz\/pl\/wp-json\/wp\/v2\/pages\/5873\/revisions"}],"predecessor-version":[{"id":11144,"href":"https:\/\/www.kandk.bz\/pl\/wp-json\/wp\/v2\/pages\/5873\/revisions\/11144"}],"wp:featuredmedia":[{"embeddable":true,"href":"https:\/\/www.kandk.bz\/pl\/wp-json\/wp\/v2\/media\/4846"}],"wp:attachment":[{"href":"https:\/\/www.kandk.bz\/pl\/wp-json\/wp\/v2\/media?parent=5873"}],"curies":[{"name":"wp","href":"https:\/\/api.w.org\/{rel}","templated":true}]}}