{"id":5877,"date":"2015-11-09T21:07:31","date_gmt":"2015-11-09T20:07:31","guid":{"rendered":"http:\/\/kandk.bz\/nl\/?page_id=5877"},"modified":"2022-06-29T06:43:44","modified_gmt":"2022-06-29T04:43:44","slug":"kontakt","status":"publish","type":"page","link":"https:\/\/www.kandk.bz\/pl\/kontakt\/","title":{"rendered":"Kontakt"},"content":{"rendered":"<div class=\"one-half\">\n<p>W razie pyta\u0144 prosimy o kontakt!<\/p>\n<h3>Prosz\u0119 o wysy\u0142anie mi swoich zapyta\u0144 w j\u0119zyku niemieckim, w\u0142oskim lub angielskim!!!!<\/h3>\n\n<div class=\"wpcf7 no-js\" id=\"wpcf7-f5876-o1\" lang=\"pl-PL\" dir=\"ltr\" data-wpcf7-id=\"5876\">\n<div class=\"screen-reader-response\"><p role=\"status\" aria-live=\"polite\" aria-atomic=\"true\"><\/p> <ul><\/ul><\/div>\n<form action=\"\/pl\/wp-json\/wp\/v2\/pages\/5877#wpcf7-f5876-o1\" method=\"post\" class=\"wpcf7-form init wpcf7-acceptance-as-validation\" aria-label=\"Formularz kontaktowy\" novalidate=\"novalidate\" data-status=\"init\">\n<fieldset class=\"hidden-fields-container\"><input type=\"hidden\" name=\"_wpcf7\" value=\"5876\" \/><input type=\"hidden\" name=\"_wpcf7_version\" value=\"6.1.5\" \/><input type=\"hidden\" name=\"_wpcf7_locale\" value=\"pl_PL\" \/><input type=\"hidden\" name=\"_wpcf7_unit_tag\" value=\"wpcf7-f5876-o1\" \/><input type=\"hidden\" name=\"_wpcf7_container_post\" value=\"0\" \/><input type=\"hidden\" name=\"_wpcf7_posted_data_hash\" value=\"\" \/><input type=\"hidden\" name=\"_wpcf7_recaptcha_response\" value=\"\" \/>\n<\/fieldset>\n<div class=\"full-width\">\n\t<p><span class=\"wpcf7-form-control-wrap\" data-name=\"Your-Name\"><input size=\"40\" maxlength=\"400\" class=\"wpcf7-form-control wpcf7-text wpcf7-validates-as-required\" aria-required=\"true\" aria-invalid=\"false\" placeholder=\"Imi\u0119 i nazwisko (wymagane)*\" value=\"\" type=\"text\" name=\"Your-Name\" \/><\/span>\n\t<\/p>\n<\/div>\n<div class=\"full-width\">\n\t<p><span class=\"wpcf7-form-control-wrap\" data-name=\"E-Mail\"><input size=\"40\" maxlength=\"400\" class=\"wpcf7-form-control wpcf7-email wpcf7-validates-as-required wpcf7-text wpcf7-validates-as-email\" aria-required=\"true\" aria-invalid=\"false\" placeholder=\"Adres email (wymagane)*\" value=\"\" type=\"email\" name=\"E-Mail\" \/><\/span>\n\t<\/p>\n<\/div>\n<div class=\"full-width\">\n\t<p><span class=\"wpcf7-form-control-wrap\" data-name=\"Anmerkungen\"><textarea cols=\"40\" rows=\"10\" maxlength=\"2000\" class=\"wpcf7-form-control wpcf7-textarea wpcf7-validates-as-required\" aria-required=\"true\" aria-invalid=\"false\" placeholder=\"Tre\u015b\u0107 wiadomo\u015bci*\" name=\"Anmerkungen\"><\/textarea><\/span>\n\t<\/p>\n<\/div>\n<div class=\"last-row div-privacy-check\">\n\t<p><span class=\"wpcf7-form-control-wrap\" data-name=\"privacy\"><span class=\"wpcf7-form-control wpcf7-acceptance\"><span class=\"wpcf7-list-item\"><label><input type=\"checkbox\" name=\"privacy\" value=\"1\" aria-invalid=\"false\" \/><span class=\"wpcf7-list-item-label\">&nbsp; &nbsp;<span class=\"privacy-txt\">Znam zasady <a href='\/pl\/imprint' target='_blank'>dotycz\u0105ce prywatno\u015bci<\/a> i akceptuj\u0119 je w pe\u0142nym zakresie*.<\/span><\/span><\/label><\/span><\/span><\/span>\n\t<\/p>\n\t<p><input class=\"wpcf7-form-control wpcf7-submit has-spinner\" type=\"submit\" value=\"Wy\u015blij\" \/>\n\t<\/p>\n<\/div><div class=\"wpcf7-response-output\" aria-hidden=\"true\"><\/div>\n<\/form>\n<\/div>\n\n<\/div>\n<div class=\"one-half\">\n<p><b>K &amp; K SPORTS<\/b><br \/>\nWypo\u017cyczalnia nart i przechowalnia sprz\u0119tu<br \/>\nFamilie Karbon<br \/>\nZona artiganale, 82<br \/>\nI-39050 Fi\u00e8 allo Sciliar (BZ)<\/p>\n<p>Tel. <a href=\"tel:+390471706129\">+39 0471 706129<\/a><br \/>\nFax: +39 0471 706129<\/p>\n<p>E-Mail: <a href=\"mailto:info@kandk.bz\">info@kandk.bz<\/a><br \/>\nInternet: <a href=\"https:\/\/www.kandk.bz\/\">www.kandk.bz<\/a><\/p>\n<p><a href=\"\/wp-content\/themes\/kandk\/images\/KandK_Sports.vcf\">Pobierz Wizyt\u00f3wka<\/a><\/p>\n<p><a href=\"https:\/\/kandk.bz\/wp-content\/uploads\/qrcode-kontakt.png\"><img loading=\"lazy\" decoding=\"async\" class=\"alignnone wp-image-5006 size-thumbnail\" src=\"https:\/\/www.kandk.bz\/wp-content\/uploads\/\/qrcode-kontakt-150x150.png\" alt=\"\" width=\"150\" height=\"150\" srcset=\"https:\/\/www.kandk.bz\/wp-content\/uploads\/qrcode-kontakt-150x150.png 150w, https:\/\/www.kandk.bz\/wp-content\/uploads\/qrcode-kontakt-300x300.png 300w, https:\/\/www.kandk.bz\/wp-content\/uploads\/qrcode-kontakt.png 400w\" sizes=\"auto, (max-width: 150px) 100vw, 150px\" \/><\/a><\/p>\n<p>&nbsp;<\/p>\n<\/div>\n","protected":false},"excerpt":{"rendered":"<p>W razie pyta\u0144 prosimy o kontakt! Prosz\u0119 o wysy\u0142anie mi swoich zapyta\u0144 w j\u0119zyku niemieckim, w\u0142oskim lub angielskim!!!! K &amp; K SPORTS Wypo\u017cyczalnia nart i przechowalnia sprz\u0119tu Familie Karbon Zona artiganale, 82 I-39050 Fi\u00e8 allo Sciliar (BZ) Tel. +39 0471 706129 Fax: +39 0471 706129 E-Mail: info@kandk.bz Internet: www.kandk.bz Pobierz Wizyt\u00f3wka &nbsp;<\/p>\n","protected":false},"author":3,"featured_media":0,"parent":0,"menu_order":85,"comment_status":"closed","ping_status":"closed","template":"template-kontakt.php","meta":{"_acf_changed":false,"footnotes":""},"class_list":["post-5877","page","type-page","status-publish","hentry"],"acf":[],"yoast_head":"<!-- This site is optimized with the Yoast SEO plugin v27.0 - https:\/\/yoast.com\/product\/yoast-seo-wordpress\/ -->\n<title>Kontakt - K&amp;K Sports SeiserAlm<\/title>\n<meta name=\"robots\" content=\"index, follow, max-snippet:-1, max-image-preview:large, max-video-preview:-1\" \/>\n<link rel=\"canonical\" href=\"https:\/\/www.kandk.bz\/pl\/kontakt\/\" \/>\n<meta property=\"og:locale\" content=\"pl_PL\" \/>\n<meta property=\"og:type\" content=\"article\" \/>\n<meta property=\"og:title\" content=\"Kontakt - K&amp;K Sports SeiserAlm\" \/>\n<meta property=\"og:description\" content=\"W razie pyta\u0144 prosimy o kontakt! Prosz\u0119 o wysy\u0142anie mi swoich zapyta\u0144 w j\u0119zyku niemieckim, w\u0142oskim lub angielskim!!!! K &amp; K SPORTS Wypo\u017cyczalnia nart i przechowalnia sprz\u0119tu Familie Karbon Zona artiganale, 82 I-39050 Fi\u00e8 allo Sciliar (BZ) Tel. +39 0471 706129 Fax: +39 0471 706129 E-Mail: info@kandk.bz Internet: www.kandk.bz Pobierz Wizyt\u00f3wka &nbsp;\" \/>\n<meta property=\"og:url\" content=\"https:\/\/www.kandk.bz\/pl\/kontakt\/\" \/>\n<meta property=\"og:site_name\" content=\"K&amp;K Sports - noleggio sci e deposito, Alpe di Siusi\" \/>\n<meta property=\"article:publisher\" content=\"https:\/\/www.facebook.com\/kandksport\" \/>\n<meta property=\"article:modified_time\" content=\"2022-06-29T04:43:44+00:00\" \/>\n<meta property=\"og:image\" content=\"https:\/\/www.kandk.bz\/wp-content\/uploads\/\/qrcode-kontakt-150x150.png\" \/>\n<meta name=\"twitter:card\" content=\"summary_large_image\" \/>\n<script type=\"application\/ld+json\" class=\"yoast-schema-graph\">{\"@context\":\"https:\/\/schema.org\",\"@graph\":[{\"@type\":\"WebPage\",\"@id\":\"https:\/\/www.kandk.bz\/pl\/kontakt\/\",\"url\":\"https:\/\/www.kandk.bz\/pl\/kontakt\/\",\"name\":\"Kontakt - K&K Sports SeiserAlm\",\"isPartOf\":{\"@id\":\"https:\/\/www.kandk.bz\/#website\"},\"primaryImageOfPage\":{\"@id\":\"https:\/\/www.kandk.bz\/pl\/kontakt\/#primaryimage\"},\"image\":{\"@id\":\"https:\/\/www.kandk.bz\/pl\/kontakt\/#primaryimage\"},\"thumbnailUrl\":\"https:\/\/www.kandk.bz\/wp-content\/uploads\/\/qrcode-kontakt-150x150.png\",\"datePublished\":\"2015-11-09T20:07:31+00:00\",\"dateModified\":\"2022-06-29T04:43:44+00:00\",\"inLanguage\":\"pl-PL\",\"potentialAction\":[{\"@type\":\"ReadAction\",\"target\":[\"https:\/\/www.kandk.bz\/pl\/kontakt\/\"]}]},{\"@type\":\"ImageObject\",\"inLanguage\":\"pl-PL\",\"@id\":\"https:\/\/www.kandk.bz\/pl\/kontakt\/#primaryimage\",\"url\":\"https:\/\/www.kandk.bz\/wp-content\/uploads\/\/qrcode-kontakt-150x150.png\",\"contentUrl\":\"https:\/\/www.kandk.bz\/wp-content\/uploads\/\/qrcode-kontakt-150x150.png\"},{\"@type\":\"WebSite\",\"@id\":\"https:\/\/www.kandk.bz\/#website\",\"url\":\"https:\/\/www.kandk.bz\/\",\"name\":\"K&amp;K Sports - noleggio sci e deposito, Alpe di Siusi\",\"description\":\"K&amp;K Sports - noleggio sci e deposito, Alpe di Siusi\",\"potentialAction\":[{\"@type\":\"SearchAction\",\"target\":{\"@type\":\"EntryPoint\",\"urlTemplate\":\"https:\/\/www.kandk.bz\/?s={search_term_string}\"},\"query-input\":{\"@type\":\"PropertyValueSpecification\",\"valueRequired\":true,\"valueName\":\"search_term_string\"}}],\"inLanguage\":\"pl-PL\"}]}<\/script>\n<!-- \/ Yoast SEO plugin. -->","yoast_head_json":{"title":"Kontakt - K&K Sports SeiserAlm","robots":{"index":"index","follow":"follow","max-snippet":"max-snippet:-1","max-image-preview":"max-image-preview:large","max-video-preview":"max-video-preview:-1"},"canonical":"https:\/\/www.kandk.bz\/pl\/kontakt\/","og_locale":"pl_PL","og_type":"article","og_title":"Kontakt - K&K Sports SeiserAlm","og_description":"W razie pyta\u0144 prosimy o kontakt! Prosz\u0119 o wysy\u0142anie mi swoich zapyta\u0144 w j\u0119zyku niemieckim, w\u0142oskim lub angielskim!!!! K &amp; K SPORTS Wypo\u017cyczalnia nart i przechowalnia sprz\u0119tu Familie Karbon Zona artiganale, 82 I-39050 Fi\u00e8 allo Sciliar (BZ) Tel. +39 0471 706129 Fax: +39 0471 706129 E-Mail: info@kandk.bz Internet: www.kandk.bz Pobierz Wizyt\u00f3wka &nbsp;","og_url":"https:\/\/www.kandk.bz\/pl\/kontakt\/","og_site_name":"K&amp;K Sports - noleggio sci e deposito, Alpe di Siusi","article_publisher":"https:\/\/www.facebook.com\/kandksport","article_modified_time":"2022-06-29T04:43:44+00:00","og_image":[{"url":"https:\/\/www.kandk.bz\/wp-content\/uploads\/\/qrcode-kontakt-150x150.png","type":"","width":"","height":""}],"twitter_card":"summary_large_image","schema":{"@context":"https:\/\/schema.org","@graph":[{"@type":"WebPage","@id":"https:\/\/www.kandk.bz\/pl\/kontakt\/","url":"https:\/\/www.kandk.bz\/pl\/kontakt\/","name":"Kontakt - K&K Sports SeiserAlm","isPartOf":{"@id":"https:\/\/www.kandk.bz\/#website"},"primaryImageOfPage":{"@id":"https:\/\/www.kandk.bz\/pl\/kontakt\/#primaryimage"},"image":{"@id":"https:\/\/www.kandk.bz\/pl\/kontakt\/#primaryimage"},"thumbnailUrl":"https:\/\/www.kandk.bz\/wp-content\/uploads\/\/qrcode-kontakt-150x150.png","datePublished":"2015-11-09T20:07:31+00:00","dateModified":"2022-06-29T04:43:44+00:00","inLanguage":"pl-PL","potentialAction":[{"@type":"ReadAction","target":["https:\/\/www.kandk.bz\/pl\/kontakt\/"]}]},{"@type":"ImageObject","inLanguage":"pl-PL","@id":"https:\/\/www.kandk.bz\/pl\/kontakt\/#primaryimage","url":"https:\/\/www.kandk.bz\/wp-content\/uploads\/\/qrcode-kontakt-150x150.png","contentUrl":"https:\/\/www.kandk.bz\/wp-content\/uploads\/\/qrcode-kontakt-150x150.png"},{"@type":"WebSite","@id":"https:\/\/www.kandk.bz\/#website","url":"https:\/\/www.kandk.bz\/","name":"K&amp;K Sports - noleggio sci e deposito, Alpe di Siusi","description":"K&amp;K Sports - noleggio sci e deposito, Alpe di Siusi","potentialAction":[{"@type":"SearchAction","target":{"@type":"EntryPoint","urlTemplate":"https:\/\/www.kandk.bz\/?s={search_term_string}"},"query-input":{"@type":"PropertyValueSpecification","valueRequired":true,"valueName":"search_term_string"}}],"inLanguage":"pl-PL"}]}},"_links":{"self":[{"href":"https:\/\/www.kandk.bz\/pl\/wp-json\/wp\/v2\/pages\/5877","targetHints":{"allow":["GET"]}}],"collection":[{"href":"https:\/\/www.kandk.bz\/pl\/wp-json\/wp\/v2\/pages"}],"about":[{"href":"https:\/\/www.kandk.bz\/pl\/wp-json\/wp\/v2\/types\/page"}],"author":[{"embeddable":true,"href":"https:\/\/www.kandk.bz\/pl\/wp-json\/wp\/v2\/users\/3"}],"replies":[{"embeddable":true,"href":"https:\/\/www.kandk.bz\/pl\/wp-json\/wp\/v2\/comments?post=5877"}],"version-history":[{"count":6,"href":"https:\/\/www.kandk.bz\/pl\/wp-json\/wp\/v2\/pages\/5877\/revisions"}],"predecessor-version":[{"id":9585,"href":"https:\/\/www.kandk.bz\/pl\/wp-json\/wp\/v2\/pages\/5877\/revisions\/9585"}],"wp:attachment":[{"href":"https:\/\/www.kandk.bz\/pl\/wp-json\/wp\/v2\/media?parent=5877"}],"curies":[{"name":"wp","href":"https:\/\/api.w.org\/{rel}","templated":true}]}}