{"id":5881,"date":"2015-11-09T21:11:21","date_gmt":"2015-11-09T20:11:21","guid":{"rendered":"http:\/\/kandk.bz\/nl\/?page_id=5881"},"modified":"2025-12-19T13:55:41","modified_gmt":"2025-12-19T12:55:41","slug":"nasz-zespol","status":"publish","type":"page","link":"https:\/\/www.kandk.bz\/pl\/nasz-zespol\/","title":{"rendered":"Nasz zesp\u00f3\u0142"},"content":{"rendered":"<blockquote><p>Nieustannie d\u0105\u017cymy do zapewnienia indywidualnej porady i najlepsze us\u0142ugi.<\/p><\/blockquote>\n","protected":false},"excerpt":{"rendered":"<p>Nieustannie d\u0105\u017cymy do zapewnienia indywidualnej porady i najlepsze us\u0142ugi.<\/p>\n","protected":false},"author":3,"featured_media":4497,"parent":0,"menu_order":80,"comment_status":"closed","ping_status":"closed","template":"","meta":{"_acf_changed":false,"footnotes":""},"class_list":["post-5881","page","type-page","status-publish","has-post-thumbnail","hentry"],"acf":[],"yoast_head":"<!-- This site is optimized with the Yoast SEO plugin v27.0 - https:\/\/yoast.com\/product\/yoast-seo-wordpress\/ -->\n<title>Nasz zesp\u00f3\u0142 - K&amp;K Sports SeiserAlm<\/title>\n<meta name=\"description\" content=\"Nieustannie d\u0105\u017cymy do zapewnienia indywidualnej porady i najlepsze us\u0142ugi\" \/>\n<meta name=\"robots\" content=\"index, follow, max-snippet:-1, max-image-preview:large, max-video-preview:-1\" \/>\n<link rel=\"canonical\" href=\"https:\/\/www.kandk.bz\/pl\/nasz-zespol\/\" \/>\n<meta property=\"og:locale\" content=\"pl_PL\" \/>\n<meta property=\"og:type\" content=\"article\" \/>\n<meta property=\"og:title\" content=\"Nasz zesp\u00f3\u0142 - K&amp;K Sports SeiserAlm\" \/>\n<meta property=\"og:description\" content=\"Nieustannie d\u0105\u017cymy do zapewnienia indywidualnej porady i najlepsze us\u0142ugi\" \/>\n<meta property=\"og:url\" content=\"https:\/\/www.kandk.bz\/pl\/nasz-zespol\/\" \/>\n<meta property=\"og:site_name\" content=\"K&amp;K Sports - noleggio sci e deposito, Alpe di Siusi\" \/>\n<meta property=\"article:publisher\" content=\"https:\/\/www.facebook.com\/kandksport\" \/>\n<meta property=\"article:modified_time\" content=\"2025-12-19T12:55:41+00:00\" \/>\n<meta property=\"og:image\" content=\"https:\/\/www.kandk.bz\/wp-content\/uploads\/markuskarbon-kandk.jpg\" \/>\n\t<meta property=\"og:image:width\" content=\"798\" \/>\n\t<meta property=\"og:image:height\" content=\"798\" \/>\n\t<meta property=\"og:image:type\" content=\"image\/jpeg\" \/>\n<meta name=\"twitter:card\" content=\"summary_large_image\" \/>\n<meta name=\"twitter:label1\" content=\"Szacowany czas czytania\" \/>\n\t<meta name=\"twitter:data1\" content=\"1 minuta\" \/>\n<script type=\"application\/ld+json\" class=\"yoast-schema-graph\">{\"@context\":\"https:\/\/schema.org\",\"@graph\":[{\"@type\":\"WebPage\",\"@id\":\"https:\/\/www.kandk.bz\/pl\/nasz-zespol\/\",\"url\":\"https:\/\/www.kandk.bz\/pl\/nasz-zespol\/\",\"name\":\"Nasz zesp\u00f3\u0142 - K&K Sports SeiserAlm\",\"isPartOf\":{\"@id\":\"https:\/\/www.kandk.bz\/#website\"},\"primaryImageOfPage\":{\"@id\":\"https:\/\/www.kandk.bz\/pl\/nasz-zespol\/#primaryimage\"},\"image\":{\"@id\":\"https:\/\/www.kandk.bz\/pl\/nasz-zespol\/#primaryimage\"},\"thumbnailUrl\":\"https:\/\/www.kandk.bz\/wp-content\/uploads\/markuskarbon-kandk.jpg\",\"datePublished\":\"2015-11-09T20:11:21+00:00\",\"dateModified\":\"2025-12-19T12:55:41+00:00\",\"description\":\"Nieustannie d\u0105\u017cymy do zapewnienia indywidualnej porady i najlepsze us\u0142ugi\",\"inLanguage\":\"pl-PL\",\"potentialAction\":[{\"@type\":\"ReadAction\",\"target\":[\"https:\/\/www.kandk.bz\/pl\/nasz-zespol\/\"]}]},{\"@type\":\"ImageObject\",\"inLanguage\":\"pl-PL\",\"@id\":\"https:\/\/www.kandk.bz\/pl\/nasz-zespol\/#primaryimage\",\"url\":\"https:\/\/www.kandk.bz\/wp-content\/uploads\/markuskarbon-kandk.jpg\",\"contentUrl\":\"https:\/\/www.kandk.bz\/wp-content\/uploads\/markuskarbon-kandk.jpg\",\"width\":798,\"height\":798},{\"@type\":\"WebSite\",\"@id\":\"https:\/\/www.kandk.bz\/#website\",\"url\":\"https:\/\/www.kandk.bz\/\",\"name\":\"K&amp;K Sports - noleggio sci e deposito, Alpe di Siusi\",\"description\":\"K&amp;K Sports - noleggio sci e deposito, Alpe di Siusi\",\"potentialAction\":[{\"@type\":\"SearchAction\",\"target\":{\"@type\":\"EntryPoint\",\"urlTemplate\":\"https:\/\/www.kandk.bz\/?s={search_term_string}\"},\"query-input\":{\"@type\":\"PropertyValueSpecification\",\"valueRequired\":true,\"valueName\":\"search_term_string\"}}],\"inLanguage\":\"pl-PL\"}]}<\/script>\n<!-- \/ Yoast SEO plugin. -->","yoast_head_json":{"title":"Nasz zesp\u00f3\u0142 - K&K Sports SeiserAlm","description":"Nieustannie d\u0105\u017cymy do zapewnienia indywidualnej porady i najlepsze us\u0142ugi","robots":{"index":"index","follow":"follow","max-snippet":"max-snippet:-1","max-image-preview":"max-image-preview:large","max-video-preview":"max-video-preview:-1"},"canonical":"https:\/\/www.kandk.bz\/pl\/nasz-zespol\/","og_locale":"pl_PL","og_type":"article","og_title":"Nasz zesp\u00f3\u0142 - K&K Sports SeiserAlm","og_description":"Nieustannie d\u0105\u017cymy do zapewnienia indywidualnej porady i najlepsze us\u0142ugi","og_url":"https:\/\/www.kandk.bz\/pl\/nasz-zespol\/","og_site_name":"K&amp;K Sports - noleggio sci e deposito, Alpe di Siusi","article_publisher":"https:\/\/www.facebook.com\/kandksport","article_modified_time":"2025-12-19T12:55:41+00:00","og_image":[{"width":798,"height":798,"url":"https:\/\/www.kandk.bz\/wp-content\/uploads\/markuskarbon-kandk.jpg","type":"image\/jpeg"}],"twitter_card":"summary_large_image","twitter_misc":{"Szacowany czas czytania":"1 minuta"},"schema":{"@context":"https:\/\/schema.org","@graph":[{"@type":"WebPage","@id":"https:\/\/www.kandk.bz\/pl\/nasz-zespol\/","url":"https:\/\/www.kandk.bz\/pl\/nasz-zespol\/","name":"Nasz zesp\u00f3\u0142 - K&K Sports SeiserAlm","isPartOf":{"@id":"https:\/\/www.kandk.bz\/#website"},"primaryImageOfPage":{"@id":"https:\/\/www.kandk.bz\/pl\/nasz-zespol\/#primaryimage"},"image":{"@id":"https:\/\/www.kandk.bz\/pl\/nasz-zespol\/#primaryimage"},"thumbnailUrl":"https:\/\/www.kandk.bz\/wp-content\/uploads\/markuskarbon-kandk.jpg","datePublished":"2015-11-09T20:11:21+00:00","dateModified":"2025-12-19T12:55:41+00:00","description":"Nieustannie d\u0105\u017cymy do zapewnienia indywidualnej porady i najlepsze us\u0142ugi","inLanguage":"pl-PL","potentialAction":[{"@type":"ReadAction","target":["https:\/\/www.kandk.bz\/pl\/nasz-zespol\/"]}]},{"@type":"ImageObject","inLanguage":"pl-PL","@id":"https:\/\/www.kandk.bz\/pl\/nasz-zespol\/#primaryimage","url":"https:\/\/www.kandk.bz\/wp-content\/uploads\/markuskarbon-kandk.jpg","contentUrl":"https:\/\/www.kandk.bz\/wp-content\/uploads\/markuskarbon-kandk.jpg","width":798,"height":798},{"@type":"WebSite","@id":"https:\/\/www.kandk.bz\/#website","url":"https:\/\/www.kandk.bz\/","name":"K&amp;K Sports - noleggio sci e deposito, Alpe di Siusi","description":"K&amp;K Sports - noleggio sci e deposito, Alpe di Siusi","potentialAction":[{"@type":"SearchAction","target":{"@type":"EntryPoint","urlTemplate":"https:\/\/www.kandk.bz\/?s={search_term_string}"},"query-input":{"@type":"PropertyValueSpecification","valueRequired":true,"valueName":"search_term_string"}}],"inLanguage":"pl-PL"}]}},"_links":{"self":[{"href":"https:\/\/www.kandk.bz\/pl\/wp-json\/wp\/v2\/pages\/5881","targetHints":{"allow":["GET"]}}],"collection":[{"href":"https:\/\/www.kandk.bz\/pl\/wp-json\/wp\/v2\/pages"}],"about":[{"href":"https:\/\/www.kandk.bz\/pl\/wp-json\/wp\/v2\/types\/page"}],"author":[{"embeddable":true,"href":"https:\/\/www.kandk.bz\/pl\/wp-json\/wp\/v2\/users\/3"}],"replies":[{"embeddable":true,"href":"https:\/\/www.kandk.bz\/pl\/wp-json\/wp\/v2\/comments?post=5881"}],"version-history":[{"count":3,"href":"https:\/\/www.kandk.bz\/pl\/wp-json\/wp\/v2\/pages\/5881\/revisions"}],"predecessor-version":[{"id":11006,"href":"https:\/\/www.kandk.bz\/pl\/wp-json\/wp\/v2\/pages\/5881\/revisions\/11006"}],"wp:featuredmedia":[{"embeddable":true,"href":"https:\/\/www.kandk.bz\/pl\/wp-json\/wp\/v2\/media\/4497"}],"wp:attachment":[{"href":"https:\/\/www.kandk.bz\/pl\/wp-json\/wp\/v2\/media?parent=5881"}],"curies":[{"name":"wp","href":"https:\/\/api.w.org\/{rel}","templated":true}]}}